{"id":8842,"date":"2026-02-10T14:25:05","date_gmt":"2026-02-10T12:25:05","guid":{"rendered":"https:\/\/www.helle.fi\/tuote\/paprikaklocka-tinkerbell-rod-100-s\/"},"modified":"2026-02-10T14:25:05","modified_gmt":"2026-02-10T12:25:05","slug":"paprikaklocka-tinkerbell-rod-100-s","status":"publish","type":"product","link":"https:\/\/www.helle.fi\/sv\/tuote\/paprikaklocka-tinkerbell-rod-100-s\/","title":{"rendered":"Paprikaklocka Tinkerbell R\u00f6d 100 s."},"content":{"rendered":"<p>Sorten Tinkerbell \u00e4r en tidig och \u00e5terh\u00e5llsam minipeppar som ger mycket s\u00f6ta sm\u00e5 frukter.<\/p>\n<p>L\u00e4mplig f\u00f6r odling i stora krukor, t.ex. p\u00e5 balkonger och uteplatser.<\/p>\n<p>H\u00f6jden \u00e4r cirka 80-100 cm. <\/p>\n<p>S\u00e4ljs i f\u00f6rpackningar om 100 fr\u00f6n.<\/p>\n","protected":false},"excerpt":{"rendered":"<p>Sorten Tinkerbell \u00e4r en tidig och \u00e5terh\u00e5llsam minipeppar som ger mycket s\u00f6ta sm\u00e5 frukter. L\u00e4mplig f\u00f6r odling i stora krukor, t.ex. p\u00e5 balkonger och uteplatser. H\u00f6jden \u00e4r cirka 80-100 cm. S\u00e4ljs i f\u00f6rpackningar om 100 fr\u00f6n.<\/p>\n","protected":false},"featured_media":8843,"template":"","meta":{"_improvement_type_select":"improve_an_existing","_thumb_yes_seoaic":false,"_frame_yes_seoaic":false,"seoaic_generate_description":"","seoaic_improve_instructions_prompt":"","seoaic_rollback_content_improvement":"","seoaic_idea_thumbnail_generator":"","thumbnail_generated":false,"thumbnail_generate_prompt":"","seoaic_article_description":""},"product_brand":[1367],"product_cat":[1570,1445,1512],"product_tag":[1809,1783,1460,1808],"class_list":{"0":"post-8842","1":"product","2":"type-product","3":"status-publish","4":"has-post-thumbnail","6":"product_brand-eminent-seeds","7":"product_cat-paprika","8":"product_cat-fron-och-plantor","9":"product_cat-vaxthusgronsaker","10":"product_tag-lag-tillvaxt","11":"product_tag-paprika-2","12":"product_tag-tidigt","13":"product_tag-tingeling","15":"first","16":"instock","17":"taxable","18":"shipping-taxable","19":"purchasable","20":"product-type-simple"},"_links":{"self":[{"href":"https:\/\/www.helle.fi\/sv\/wp-json\/wp\/v2\/product\/8842","targetHints":{"allow":["GET"]}}],"collection":[{"href":"https:\/\/www.helle.fi\/sv\/wp-json\/wp\/v2\/product"}],"about":[{"href":"https:\/\/www.helle.fi\/sv\/wp-json\/wp\/v2\/types\/product"}],"wp:featuredmedia":[{"embeddable":true,"href":"https:\/\/www.helle.fi\/sv\/wp-json\/wp\/v2\/media\/8843"}],"wp:attachment":[{"href":"https:\/\/www.helle.fi\/sv\/wp-json\/wp\/v2\/media?parent=8842"}],"wp:term":[{"taxonomy":"product_brand","embeddable":true,"href":"https:\/\/www.helle.fi\/sv\/wp-json\/wp\/v2\/product_brand?post=8842"},{"taxonomy":"product_cat","embeddable":true,"href":"https:\/\/www.helle.fi\/sv\/wp-json\/wp\/v2\/product_cat?post=8842"},{"taxonomy":"product_tag","embeddable":true,"href":"https:\/\/www.helle.fi\/sv\/wp-json\/wp\/v2\/product_tag?post=8842"}],"curies":[{"name":"wp","href":"https:\/\/api.w.org\/{rel}","templated":true}]}}