{"id":8839,"date":"2026-02-11T06:24:35","date_gmt":"2026-02-11T04:24:35","guid":{"rendered":"https:\/\/www.helle.fi\/tuote\/diamantblomma-gazania-new-day-mix\/"},"modified":"2026-02-11T06:24:35","modified_gmt":"2026-02-11T04:24:35","slug":"diamantblomma-gazania-new-day-mix","status":"publish","type":"product","link":"https:\/\/www.helle.fi\/sv\/tuote\/diamantblomma-gazania-new-day-mix\/","title":{"rendered":"Diamantblomma Gazania New Day Mix"},"content":{"rendered":"<p>Gazania \u00e4r en sort med ett kompakt och kompakt v\u00e4xts\u00e4tt.<\/p>\n<p>Den \u00e4r idealisk f\u00f6r blomsterplanteringar.<\/p>\n<p>H\u00f6jd ca 20 cm <\/p>\n<p>S\u00e4ljs i f\u00f6rpackningar om 500 fr\u00f6n.<\/p>\n","protected":false},"excerpt":{"rendered":"<p>Gazania \u00e4r en sort med ett kompakt och kompakt v\u00e4xts\u00e4tt. Den \u00e4r idealisk f\u00f6r blomsterplanteringar. H\u00f6jd ca 20 cm S\u00e4ljs i f\u00f6rpackningar om 500 fr\u00f6n.<\/p>\n","protected":false},"featured_media":8841,"template":"","meta":{"_improvement_type_select":"improve_an_existing","_thumb_yes_seoaic":false,"_frame_yes_seoaic":false,"seoaic_generate_description":"","seoaic_improve_instructions_prompt":"","seoaic_rollback_content_improvement":"","seoaic_idea_thumbnail_generator":"","thumbnail_generated":false,"thumbnail_generate_prompt":"","seoaic_article_description":""},"product_brand":[],"product_cat":[1485,1445],"product_tag":[1806,1804,1486,1805,1807],"class_list":{"0":"post-8839","1":"product","2":"type-product","3":"status-publish","4":"has-post-thumbnail","6":"product_cat-blommor-och-prydnadsvaxter","7":"product_cat-fron-och-plantor","8":"product_tag-diamantblomma","9":"product_tag-gazania","10":"product_tag-kompakt","11":"product_tag-ny-dag-mix","12":"product_tag-tatning","14":"first","15":"instock","16":"taxable","17":"shipping-taxable","18":"purchasable","19":"product-type-simple"},"_links":{"self":[{"href":"https:\/\/www.helle.fi\/sv\/wp-json\/wp\/v2\/product\/8839","targetHints":{"allow":["GET"]}}],"collection":[{"href":"https:\/\/www.helle.fi\/sv\/wp-json\/wp\/v2\/product"}],"about":[{"href":"https:\/\/www.helle.fi\/sv\/wp-json\/wp\/v2\/types\/product"}],"wp:featuredmedia":[{"embeddable":true,"href":"https:\/\/www.helle.fi\/sv\/wp-json\/wp\/v2\/media\/8841"}],"wp:attachment":[{"href":"https:\/\/www.helle.fi\/sv\/wp-json\/wp\/v2\/media?parent=8839"}],"wp:term":[{"taxonomy":"product_brand","embeddable":true,"href":"https:\/\/www.helle.fi\/sv\/wp-json\/wp\/v2\/product_brand?post=8839"},{"taxonomy":"product_cat","embeddable":true,"href":"https:\/\/www.helle.fi\/sv\/wp-json\/wp\/v2\/product_cat?post=8839"},{"taxonomy":"product_tag","embeddable":true,"href":"https:\/\/www.helle.fi\/sv\/wp-json\/wp\/v2\/product_tag?post=8839"}],"curies":[{"name":"wp","href":"https:\/\/api.w.org\/{rel}","templated":true}]}}