{"id":8836,"date":"2026-02-10T14:25:03","date_gmt":"2026-02-10T12:25:03","guid":{"rendered":"https:\/\/www.helle.fi\/tuote\/krukvaxt-tomat-akoya-100-s\/"},"modified":"2026-02-10T14:25:03","modified_gmt":"2026-02-10T12:25:03","slug":"krukvaxt-tomat-akoya-100-s","status":"publish","type":"product","link":"https:\/\/www.helle.fi\/sv\/tuote\/krukvaxt-tomat-akoya-100-s\/","title":{"rendered":"Krukv\u00e4xt tomat Akoya 100 s."},"content":{"rendered":"<p>Akoya \u00e4r en unik sort med cocktailstora frukter som ser mycket attraktiva ut b\u00e5de f\u00f6re och efter mognad.<\/p>\n<p>Frukten \u00e4ndrar f\u00e4rg fr\u00e5n svart till orange och \u00e4r ett riktigt blickf\u00e5ng!<\/p>\n<p>H\u00f6jd ca 30 cm och fruktvikt ca 20-30 g.  <\/p>\n<p>S\u00e4ljs i f\u00f6rpackningar om 100 fr\u00f6n.<\/p>\n","protected":false},"excerpt":{"rendered":"<p>Akoya \u00e4r en unik sort med cocktailstora frukter som ser mycket attraktiva ut b\u00e5de f\u00f6re och efter mognad. Frukten \u00e4ndrar f\u00e4rg fr\u00e5n svart till orange och \u00e4r ett riktigt blickf\u00e5ng! H\u00f6jd ca 30 cm och fruktvikt ca 20-30 g. S\u00e4ljs i f\u00f6rpackningar om 100 fr\u00f6n.<\/p>\n","protected":false},"featured_media":8838,"template":"","meta":{"_improvement_type_select":"improve_an_existing","_thumb_yes_seoaic":false,"_frame_yes_seoaic":false,"seoaic_generate_description":"","seoaic_improve_instructions_prompt":"","seoaic_rollback_content_improvement":"","seoaic_idea_thumbnail_generator":"","thumbnail_generated":false,"thumbnail_generate_prompt":"","seoaic_article_description":""},"product_brand":[1354],"product_cat":[1567,1445,1512],"product_tag":[1801,1802,1779,1803],"class_list":{"0":"post-8836","1":"product","2":"type-product","3":"status-publish","4":"has-post-thumbnail","6":"product_brand-syngenta-flowers","7":"product_cat-tomat","8":"product_cat-fron-och-plantor","9":"product_cat-vaxthusgronsaker","10":"product_tag-akoya","11":"product_tag-coctail-tomat","12":"product_tag-krukodlad-tomat","13":"product_tag-svart-orange","15":"first","16":"instock","17":"taxable","18":"shipping-taxable","19":"purchasable","20":"product-type-simple"},"_links":{"self":[{"href":"https:\/\/www.helle.fi\/sv\/wp-json\/wp\/v2\/product\/8836","targetHints":{"allow":["GET"]}}],"collection":[{"href":"https:\/\/www.helle.fi\/sv\/wp-json\/wp\/v2\/product"}],"about":[{"href":"https:\/\/www.helle.fi\/sv\/wp-json\/wp\/v2\/types\/product"}],"wp:featuredmedia":[{"embeddable":true,"href":"https:\/\/www.helle.fi\/sv\/wp-json\/wp\/v2\/media\/8838"}],"wp:attachment":[{"href":"https:\/\/www.helle.fi\/sv\/wp-json\/wp\/v2\/media?parent=8836"}],"wp:term":[{"taxonomy":"product_brand","embeddable":true,"href":"https:\/\/www.helle.fi\/sv\/wp-json\/wp\/v2\/product_brand?post=8836"},{"taxonomy":"product_cat","embeddable":true,"href":"https:\/\/www.helle.fi\/sv\/wp-json\/wp\/v2\/product_cat?post=8836"},{"taxonomy":"product_tag","embeddable":true,"href":"https:\/\/www.helle.fi\/sv\/wp-json\/wp\/v2\/product_tag?post=8836"}],"curies":[{"name":"wp","href":"https:\/\/api.w.org\/{rel}","templated":true}]}}