{"id":8834,"date":"2026-02-10T14:25:10","date_gmt":"2026-02-10T12:25:10","guid":{"rendered":"https:\/\/www.helle.fi\/tuote\/chilipeppar-apache-100-s\/"},"modified":"2026-02-10T14:25:10","modified_gmt":"2026-02-10T12:25:10","slug":"chilipeppar-apache-100-s","status":"publish","type":"product","link":"https:\/\/www.helle.fi\/sv\/tuote\/chilipeppar-apache-100-s\/","title":{"rendered":"Chilipeppar Apache 100 s."},"content":{"rendered":"<p>Apache \u00e4r en mycket prunkande, kompakt sort som producerar ett \u00f6verfl\u00f6d av mycket eldiga, klarr\u00f6da frukter.<\/p>\n<p>En mycket anpassningsbar v\u00e4xt som v\u00e4xer bra i de flesta krukor.<\/p>\n<p>S\u00e4ljs i f\u00f6rpackningar med 100 fr\u00f6n.<\/p>\n","protected":false},"excerpt":{"rendered":"<p>Apache \u00e4r en mycket prunkande, kompakt sort som producerar ett \u00f6verfl\u00f6d av mycket eldiga, klarr\u00f6da frukter. En mycket anpassningsbar v\u00e4xt som v\u00e4xer bra i de flesta krukor. S\u00e4ljs i f\u00f6rpackningar med 100 fr\u00f6n.<\/p>\n","protected":false},"featured_media":8835,"template":"","meta":{"_improvement_type_select":"improve_an_existing","_thumb_yes_seoaic":false,"_frame_yes_seoaic":false,"seoaic_generate_description":"","seoaic_improve_instructions_prompt":"","seoaic_rollback_content_improvement":"","seoaic_idea_thumbnail_generator":"","thumbnail_generated":false,"thumbnail_generate_prompt":"","seoaic_article_description":""},"product_brand":[1354],"product_cat":[1600,1445,1512],"product_tag":[1800,1601,1776,1525],"class_list":{"0":"post-8834","1":"product","2":"type-product","3":"status-publish","4":"has-post-thumbnail","6":"product_brand-syngenta-flowers","7":"product_cat-chilli","8":"product_cat-fron-och-plantor","9":"product_cat-vaxthusgronsaker","10":"product_tag-apache","11":"product_tag-chili","12":"product_tag-chilipeppar","13":"product_tag-satoisa","15":"first","16":"instock","17":"taxable","18":"shipping-taxable","19":"purchasable","20":"product-type-simple"},"_links":{"self":[{"href":"https:\/\/www.helle.fi\/sv\/wp-json\/wp\/v2\/product\/8834","targetHints":{"allow":["GET"]}}],"collection":[{"href":"https:\/\/www.helle.fi\/sv\/wp-json\/wp\/v2\/product"}],"about":[{"href":"https:\/\/www.helle.fi\/sv\/wp-json\/wp\/v2\/types\/product"}],"wp:featuredmedia":[{"embeddable":true,"href":"https:\/\/www.helle.fi\/sv\/wp-json\/wp\/v2\/media\/8835"}],"wp:attachment":[{"href":"https:\/\/www.helle.fi\/sv\/wp-json\/wp\/v2\/media?parent=8834"}],"wp:term":[{"taxonomy":"product_brand","embeddable":true,"href":"https:\/\/www.helle.fi\/sv\/wp-json\/wp\/v2\/product_brand?post=8834"},{"taxonomy":"product_cat","embeddable":true,"href":"https:\/\/www.helle.fi\/sv\/wp-json\/wp\/v2\/product_cat?post=8834"},{"taxonomy":"product_tag","embeddable":true,"href":"https:\/\/www.helle.fi\/sv\/wp-json\/wp\/v2\/product_tag?post=8834"}],"curies":[{"name":"wp","href":"https:\/\/api.w.org\/{rel}","templated":true}]}}