{"id":8827,"date":"2026-02-10T14:25:09","date_gmt":"2026-02-10T12:25:09","guid":{"rendered":"https:\/\/www.helle.fi\/tuote\/chilipeppar-habanero-rod-100-s\/"},"modified":"2026-02-10T14:25:09","modified_gmt":"2026-02-10T12:25:09","slug":"chilipeppar-habanero-rod-100-s","status":"publish","type":"product","link":"https:\/\/www.helle.fi\/sv\/tuote\/chilipeppar-habanero-rod-100-s\/","title":{"rendered":"Chilipeppar Habanero R\u00f6d 100 s."},"content":{"rendered":"<p>Habanero Red \u00e4r en mycket stark chili med en intensitet p\u00e5 mellan 200.000 och 500.000 SHU.<\/p>\n<p>En kraftig sort med sm\u00e5, lanternformade frukter.<\/p>\n<p>S\u00e4ljs i paket med 100 fr\u00f6n.<\/p>\n<p>&nbsp;<\/p>\n","protected":false},"excerpt":{"rendered":"<p>Habanero Red \u00e4r en mycket stark chili med en intensitet p\u00e5 mellan 200.000 och 500.000 SHU. En kraftig sort med sm\u00e5, lanternformade frukter. S\u00e4ljs i paket med 100 fr\u00f6n. &nbsp;<\/p>\n","protected":false},"featured_media":8831,"template":"","meta":{"_improvement_type_select":"improve_an_existing","_thumb_yes_seoaic":false,"_frame_yes_seoaic":false,"seoaic_generate_description":"","seoaic_improve_instructions_prompt":"","seoaic_rollback_content_improvement":"","seoaic_idea_thumbnail_generator":"","thumbnail_generated":false,"thumbnail_generate_prompt":"","seoaic_article_description":""},"product_brand":[1359],"product_cat":[1600,1445,1512],"product_tag":[1776,1795,1742,1796],"class_list":{"0":"post-8827","1":"product","2":"type-product","3":"status-publish","4":"has-post-thumbnail","6":"product_brand-pieterpik","7":"product_cat-chilli","8":"product_cat-fron-och-plantor","9":"product_cat-vaxthusgronsaker","10":"product_tag-chilipeppar","11":"product_tag-habanero-rod","12":"product_tag-kraftfull-2","13":"product_tag-mycket-varmt","15":"first","16":"instock","17":"taxable","18":"shipping-taxable","19":"purchasable","20":"product-type-simple"},"_links":{"self":[{"href":"https:\/\/www.helle.fi\/sv\/wp-json\/wp\/v2\/product\/8827","targetHints":{"allow":["GET"]}}],"collection":[{"href":"https:\/\/www.helle.fi\/sv\/wp-json\/wp\/v2\/product"}],"about":[{"href":"https:\/\/www.helle.fi\/sv\/wp-json\/wp\/v2\/types\/product"}],"wp:featuredmedia":[{"embeddable":true,"href":"https:\/\/www.helle.fi\/sv\/wp-json\/wp\/v2\/media\/8831"}],"wp:attachment":[{"href":"https:\/\/www.helle.fi\/sv\/wp-json\/wp\/v2\/media?parent=8827"}],"wp:term":[{"taxonomy":"product_brand","embeddable":true,"href":"https:\/\/www.helle.fi\/sv\/wp-json\/wp\/v2\/product_brand?post=8827"},{"taxonomy":"product_cat","embeddable":true,"href":"https:\/\/www.helle.fi\/sv\/wp-json\/wp\/v2\/product_cat?post=8827"},{"taxonomy":"product_tag","embeddable":true,"href":"https:\/\/www.helle.fi\/sv\/wp-json\/wp\/v2\/product_tag?post=8827"}],"curies":[{"name":"wp","href":"https:\/\/api.w.org\/{rel}","templated":true}]}}