{"id":8823,"date":"2026-02-10T14:25:08","date_gmt":"2026-02-10T12:25:08","guid":{"rendered":"https:\/\/www.helle.fi\/tuote\/solros-tomat-brasil-red-100-s\/"},"modified":"2026-02-10T14:25:08","modified_gmt":"2026-02-10T12:25:08","slug":"solros-tomat-brasil-red-100-s","status":"publish","type":"product","link":"https:\/\/www.helle.fi\/sv\/tuote\/solros-tomat-brasil-red-100-s\/","title":{"rendered":"Solros tomat Brasil Red 100 s."},"content":{"rendered":"<p>Brasil Red har ett kraftigt, ned\u00e5triktat v\u00e4xts\u00e4tt som passar bra i krukor, balkongl\u00e5dor och h\u00f6ga krukor.<\/p>\n<p>F\u00e5r l\u00e5nga, h\u00e4ngande skott, toppar f\u00f6r mer grenade plantor.<\/p>\n<p>En tidig, h\u00f6gavkastande sort.<\/p>\n<p>S\u00e4ljs i paket med 100 fr\u00f6n.<\/p>\n","protected":false},"excerpt":{"rendered":"<p>Brasil Red har ett kraftigt, ned\u00e5triktat v\u00e4xts\u00e4tt som passar bra i krukor, balkongl\u00e5dor och h\u00f6ga krukor. F\u00e5r l\u00e5nga, h\u00e4ngande skott, toppar f\u00f6r mer grenade plantor. En tidig, h\u00f6gavkastande sort. S\u00e4ljs i paket med 100 fr\u00f6n.<\/p>\n","protected":false},"featured_media":8825,"template":"","meta":{"_improvement_type_select":"improve_an_existing","_thumb_yes_seoaic":false,"_frame_yes_seoaic":false,"seoaic_generate_description":"","seoaic_improve_instructions_prompt":"","seoaic_rollback_content_improvement":"","seoaic_idea_thumbnail_generator":"","thumbnail_generated":false,"thumbnail_generate_prompt":"","seoaic_article_description":""},"product_brand":[],"product_cat":[1567,1445,1512],"product_tag":[1766,1792,1525,1460],"class_list":{"0":"post-8823","1":"product","2":"type-product","3":"status-publish","4":"has-post-thumbnail","6":"product_cat-tomat","7":"product_cat-fron-och-plantor","8":"product_cat-vaxthusgronsaker","9":"product_tag-amppelitomato","10":"product_tag-brasilien-rod","11":"product_tag-satoisa","12":"product_tag-tidigt","14":"first","15":"instock","16":"taxable","17":"shipping-taxable","18":"purchasable","19":"product-type-simple"},"_links":{"self":[{"href":"https:\/\/www.helle.fi\/sv\/wp-json\/wp\/v2\/product\/8823","targetHints":{"allow":["GET"]}}],"collection":[{"href":"https:\/\/www.helle.fi\/sv\/wp-json\/wp\/v2\/product"}],"about":[{"href":"https:\/\/www.helle.fi\/sv\/wp-json\/wp\/v2\/types\/product"}],"wp:featuredmedia":[{"embeddable":true,"href":"https:\/\/www.helle.fi\/sv\/wp-json\/wp\/v2\/media\/8825"}],"wp:attachment":[{"href":"https:\/\/www.helle.fi\/sv\/wp-json\/wp\/v2\/media?parent=8823"}],"wp:term":[{"taxonomy":"product_brand","embeddable":true,"href":"https:\/\/www.helle.fi\/sv\/wp-json\/wp\/v2\/product_brand?post=8823"},{"taxonomy":"product_cat","embeddable":true,"href":"https:\/\/www.helle.fi\/sv\/wp-json\/wp\/v2\/product_cat?post=8823"},{"taxonomy":"product_tag","embeddable":true,"href":"https:\/\/www.helle.fi\/sv\/wp-json\/wp\/v2\/product_tag?post=8823"}],"curies":[{"name":"wp","href":"https:\/\/api.w.org\/{rel}","templated":true}]}}