{"id":8822,"date":"2026-02-10T14:25:00","date_gmt":"2026-02-10T12:25:00","guid":{"rendered":"https:\/\/www.helle.fi\/tuote\/krukvaxt-tomat-sturdy-grace-100-s\/"},"modified":"2026-02-10T14:25:00","modified_gmt":"2026-02-10T12:25:00","slug":"krukvaxt-tomat-sturdy-grace-100-s","status":"publish","type":"product","link":"https:\/\/www.helle.fi\/sv\/tuote\/krukvaxt-tomat-sturdy-grace-100-s\/","title":{"rendered":"Krukv\u00e4xt tomat Sturdy Grace 100 s."},"content":{"rendered":"<p>Sturdy Grace har ett kompakt och uppr\u00e4tt v\u00e4xts\u00e4tt.<\/p>\n<p>Ger gula, mycket mjukskaliga frukter.<\/p>\n<p>H\u00f6jd ca 30 cm. <\/p>\n<p>S\u00e4ljs i f\u00f6rpackningar om 100 fr\u00f6n.<\/p>\n","protected":false},"excerpt":{"rendered":"<p>Sturdy Grace har ett kompakt och uppr\u00e4tt v\u00e4xts\u00e4tt. Ger gula, mycket mjukskaliga frukter. H\u00f6jd ca 30 cm. S\u00e4ljs i f\u00f6rpackningar om 100 fr\u00f6n.<\/p>\n","protected":false},"featured_media":8824,"template":"","meta":{"_improvement_type_select":"improve_an_existing","_thumb_yes_seoaic":false,"_frame_yes_seoaic":false,"seoaic_generate_description":"","seoaic_improve_instructions_prompt":"","seoaic_rollback_content_improvement":"","seoaic_idea_thumbnail_generator":"","thumbnail_generated":false,"thumbnail_generate_prompt":"","seoaic_article_description":""},"product_brand":[],"product_cat":[1567,1445,1512],"product_tag":[1572,1779,1791,1660],"class_list":{"0":"post-8822","1":"product","2":"type-product","3":"status-publish","4":"has-post-thumbnail","6":"product_cat-tomat","7":"product_cat-fron-och-plantor","8":"product_cat-vaxthusgronsaker","9":"product_tag-gul","10":"product_tag-krukodlad-tomat","11":"product_tag-robust-elegans","12":"product_tag-vertikal","14":"first","15":"instock","16":"taxable","17":"shipping-taxable","18":"purchasable","19":"product-type-simple"},"_links":{"self":[{"href":"https:\/\/www.helle.fi\/sv\/wp-json\/wp\/v2\/product\/8822","targetHints":{"allow":["GET"]}}],"collection":[{"href":"https:\/\/www.helle.fi\/sv\/wp-json\/wp\/v2\/product"}],"about":[{"href":"https:\/\/www.helle.fi\/sv\/wp-json\/wp\/v2\/types\/product"}],"wp:featuredmedia":[{"embeddable":true,"href":"https:\/\/www.helle.fi\/sv\/wp-json\/wp\/v2\/media\/8824"}],"wp:attachment":[{"href":"https:\/\/www.helle.fi\/sv\/wp-json\/wp\/v2\/media?parent=8822"}],"wp:term":[{"taxonomy":"product_brand","embeddable":true,"href":"https:\/\/www.helle.fi\/sv\/wp-json\/wp\/v2\/product_brand?post=8822"},{"taxonomy":"product_cat","embeddable":true,"href":"https:\/\/www.helle.fi\/sv\/wp-json\/wp\/v2\/product_cat?post=8822"},{"taxonomy":"product_tag","embeddable":true,"href":"https:\/\/www.helle.fi\/sv\/wp-json\/wp\/v2\/product_tag?post=8822"}],"curies":[{"name":"wp","href":"https:\/\/api.w.org\/{rel}","templated":true}]}}