{"id":8816,"date":"2026-02-10T14:24:52","date_gmt":"2026-02-10T12:24:52","guid":{"rendered":"https:\/\/www.helle.fi\/tuote\/korsbarstomat-sweet-million-500-s\/"},"modified":"2026-02-10T14:24:52","modified_gmt":"2026-02-10T12:24:52","slug":"korsbarstomat-sweet-million-500-s","status":"publish","type":"product","link":"https:\/\/www.helle.fi\/sv\/tuote\/korsbarstomat-sweet-million-500-s\/","title":{"rendered":"K\u00f6rsb\u00e4rstomat Sweet Million 500 s."},"content":{"rendered":"<p>Sweet Million \u00e4r en tidigmognande, rund k\u00f6rsb\u00e4rstomat med en genomsnittlig storlek p\u00e5 10-15 gram. Frukten \u00e4r mycket j\u00e4mnstor. <\/p>\n<p>Den \u00e4r l\u00e4ttodlad, stark och ger en god sk\u00f6rd av fast frukt.<\/p>\n<p>Sorten har en h\u00f6g avkastningspotential.<\/p>\n<p>S\u00e4ljs i f\u00f6rpackningar om 500 fr\u00f6n.<\/p>\n<div>\n<p>&nbsp;<\/p>\n<\/div>\n","protected":false},"excerpt":{"rendered":"<p>Sweet Million \u00e4r en tidigmognande, rund k\u00f6rsb\u00e4rstomat med en genomsnittlig storlek p\u00e5 10-15 gram. Frukten \u00e4r mycket j\u00e4mnstor. Den \u00e4r l\u00e4ttodlad, stark och ger en god sk\u00f6rd av fast frukt. Sorten har en h\u00f6g avkastningspotential. S\u00e4ljs i f\u00f6rpackningar om 500 fr\u00f6n. &nbsp;<\/p>\n","protected":false},"featured_media":8818,"template":"","meta":{"_improvement_type_select":"improve_an_existing","_thumb_yes_seoaic":false,"_frame_yes_seoaic":false,"seoaic_generate_description":"","seoaic_improve_instructions_prompt":"","seoaic_rollback_content_improvement":"","seoaic_idea_thumbnail_generator":"","thumbnail_generated":false,"thumbnail_generate_prompt":"","seoaic_article_description":""},"product_brand":[],"product_cat":[1567,1445,1512],"product_tag":[1788,1764,1787,1786],"class_list":{"0":"post-8816","1":"product","2":"type-product","3":"status-publish","4":"has-post-thumbnail","6":"product_cat-tomat","7":"product_cat-fron-och-plantor","8":"product_cat-vaxthusgronsaker","9":"product_tag-hog-avkastningspotential","10":"product_tag-korsbarstomat-2","11":"product_tag-starkt-vaxande","12":"product_tag-sweet-million","14":"first","15":"instock","16":"taxable","17":"shipping-taxable","18":"purchasable","19":"product-type-simple"},"_links":{"self":[{"href":"https:\/\/www.helle.fi\/sv\/wp-json\/wp\/v2\/product\/8816","targetHints":{"allow":["GET"]}}],"collection":[{"href":"https:\/\/www.helle.fi\/sv\/wp-json\/wp\/v2\/product"}],"about":[{"href":"https:\/\/www.helle.fi\/sv\/wp-json\/wp\/v2\/types\/product"}],"wp:featuredmedia":[{"embeddable":true,"href":"https:\/\/www.helle.fi\/sv\/wp-json\/wp\/v2\/media\/8818"}],"wp:attachment":[{"href":"https:\/\/www.helle.fi\/sv\/wp-json\/wp\/v2\/media?parent=8816"}],"wp:term":[{"taxonomy":"product_brand","embeddable":true,"href":"https:\/\/www.helle.fi\/sv\/wp-json\/wp\/v2\/product_brand?post=8816"},{"taxonomy":"product_cat","embeddable":true,"href":"https:\/\/www.helle.fi\/sv\/wp-json\/wp\/v2\/product_cat?post=8816"},{"taxonomy":"product_tag","embeddable":true,"href":"https:\/\/www.helle.fi\/sv\/wp-json\/wp\/v2\/product_tag?post=8816"}],"curies":[{"name":"wp","href":"https:\/\/api.w.org\/{rel}","templated":true}]}}