{"id":8814,"date":"2026-02-10T14:24:59","date_gmt":"2026-02-10T12:24:59","guid":{"rendered":"https:\/\/www.helle.fi\/tuote\/pelarpeppar-sweet-red-100-s\/"},"modified":"2026-02-10T14:24:59","modified_gmt":"2026-02-10T12:24:59","slug":"pelarpeppar-sweet-red-100-s","status":"publish","type":"product","link":"https:\/\/www.helle.fi\/sv\/tuote\/pelarpeppar-sweet-red-100-s\/","title":{"rendered":"Pelarpeppar Sweet Red 100 s."},"content":{"rendered":"<p>Pillar Pepper \u00e4r en tidig kruk- och terrasssort med l\u00e5ngstr\u00e4ckta, tjockv\u00e4ggiga frukter med mycket god smak.<\/p>\n<p>Det t\u00e4ta, v\u00e4lv\u00e4xande v\u00e4xts\u00e4ttet \u00e4r utm\u00e4rkt f\u00f6r krukodling.<\/p>\n<p>H\u00f6jden \u00e4r ca 40 cm. <\/p>\n<p>S\u00e4ljs i f\u00f6rpackningar om 100 fr\u00f6n.<\/p>\n","protected":false},"excerpt":{"rendered":"<p>Pillar Pepper \u00e4r en tidig kruk- och terrasssort med l\u00e5ngstr\u00e4ckta, tjockv\u00e4ggiga frukter med mycket god smak. Det t\u00e4ta, v\u00e4lv\u00e4xande v\u00e4xts\u00e4ttet \u00e4r utm\u00e4rkt f\u00f6r krukodling. H\u00f6jden \u00e4r ca 40 cm. S\u00e4ljs i f\u00f6rpackningar om 100 fr\u00f6n.<\/p>\n","protected":false},"featured_media":8815,"template":"","meta":{"_improvement_type_select":"improve_an_existing","_thumb_yes_seoaic":false,"_frame_yes_seoaic":false,"seoaic_generate_description":"","seoaic_improve_instructions_prompt":"","seoaic_rollback_content_improvement":"","seoaic_idea_thumbnail_generator":"","thumbnail_generated":false,"thumbnail_generate_prompt":"","seoaic_article_description":""},"product_brand":[],"product_cat":[1570,1445,1512],"product_tag":[1783,1784,1596,1785],"class_list":{"0":"post-8814","1":"product","2":"type-product","3":"status-publish","4":"has-post-thumbnail","6":"product_cat-paprika","7":"product_cat-fron-och-plantor","8":"product_cat-vaxthusgronsaker","9":"product_tag-paprika-2","10":"product_tag-pelarpeppar","11":"product_tag-rod","12":"product_tag-sweet-red","14":"first","15":"instock","16":"taxable","17":"shipping-taxable","18":"purchasable","19":"product-type-simple"},"_links":{"self":[{"href":"https:\/\/www.helle.fi\/sv\/wp-json\/wp\/v2\/product\/8814","targetHints":{"allow":["GET"]}}],"collection":[{"href":"https:\/\/www.helle.fi\/sv\/wp-json\/wp\/v2\/product"}],"about":[{"href":"https:\/\/www.helle.fi\/sv\/wp-json\/wp\/v2\/types\/product"}],"wp:featuredmedia":[{"embeddable":true,"href":"https:\/\/www.helle.fi\/sv\/wp-json\/wp\/v2\/media\/8815"}],"wp:attachment":[{"href":"https:\/\/www.helle.fi\/sv\/wp-json\/wp\/v2\/media?parent=8814"}],"wp:term":[{"taxonomy":"product_brand","embeddable":true,"href":"https:\/\/www.helle.fi\/sv\/wp-json\/wp\/v2\/product_brand?post=8814"},{"taxonomy":"product_cat","embeddable":true,"href":"https:\/\/www.helle.fi\/sv\/wp-json\/wp\/v2\/product_cat?post=8814"},{"taxonomy":"product_tag","embeddable":true,"href":"https:\/\/www.helle.fi\/sv\/wp-json\/wp\/v2\/product_tag?post=8814"}],"curies":[{"name":"wp","href":"https:\/\/api.w.org\/{rel}","templated":true}]}}