{"id":8810,"date":"2026-02-10T14:24:58","date_gmt":"2026-02-10T12:24:58","guid":{"rendered":"https:\/\/www.helle.fi\/tuote\/chili-pepper-basket-of-fire-100-s\/"},"modified":"2026-02-10T14:24:58","modified_gmt":"2026-02-10T12:24:58","slug":"chili-pepper-basket-of-fire-100-s","status":"publish","type":"product","link":"https:\/\/www.helle.fi\/sv\/tuote\/chili-pepper-basket-of-fire-100-s\/","title":{"rendered":"Chili Pepper Basket of Fire 100 s."},"content":{"rendered":"<p>Basket of Fire \u00e4r en mycket dekorativ, krukodlad sort med ett l\u00e5gt och kompakt v\u00e4xts\u00e4tt.<\/p>\n<p>Producerar rikligt med sm\u00e5, smalt avl\u00e5nga frukter som \u00e4ndrar f\u00e4rg n\u00e4r frukten mognar fr\u00e5n lila till gr\u00e4ddgul och orange<br \/>\ntill klarr\u00f6d.<\/p>\n<p>Smaken \u00e4r ganska eldig, cirka 60.000 SHU. <\/p>\n<p>S\u00e4ljs i f\u00f6rpackningar om 100 fr\u00f6n.<\/p>\n","protected":false},"excerpt":{"rendered":"<p>Basket of Fire \u00e4r en mycket dekorativ, krukodlad sort med ett l\u00e5gt och kompakt v\u00e4xts\u00e4tt. Producerar rikligt med sm\u00e5, smalt avl\u00e5nga frukter som \u00e4ndrar f\u00e4rg n\u00e4r frukten mognar fr\u00e5n lila till gr\u00e4ddgul och orange till klarr\u00f6d. Smaken \u00e4r ganska eldig, cirka 60.000 SHU. S\u00e4ljs i f\u00f6rpackningar om 100 fr\u00f6n.<\/p>\n","protected":false},"featured_media":8812,"template":"","meta":{"_improvement_type_select":"improve_an_existing","_thumb_yes_seoaic":false,"_frame_yes_seoaic":false,"seoaic_generate_description":"","seoaic_improve_instructions_prompt":"","seoaic_rollback_content_improvement":"","seoaic_idea_thumbnail_generator":"","thumbnail_generated":false,"thumbnail_generate_prompt":"","seoaic_article_description":""},"product_brand":[],"product_cat":[1600,1445,1512],"product_tag":[1776,1610,1778,1777],"class_list":{"0":"post-8810","1":"product","2":"type-product","3":"status-publish","4":"has-post-thumbnail","6":"product_cat-chilli","7":"product_cat-fron-och-plantor","8":"product_cat-vaxthusgronsaker","9":"product_tag-chilipeppar","10":"product_tag-dekorativ","11":"product_tag-grasodling","12":"product_tag-korg-av-eld","14":"first","15":"instock","16":"taxable","17":"shipping-taxable","18":"purchasable","19":"product-type-simple"},"_links":{"self":[{"href":"https:\/\/www.helle.fi\/sv\/wp-json\/wp\/v2\/product\/8810","targetHints":{"allow":["GET"]}}],"collection":[{"href":"https:\/\/www.helle.fi\/sv\/wp-json\/wp\/v2\/product"}],"about":[{"href":"https:\/\/www.helle.fi\/sv\/wp-json\/wp\/v2\/types\/product"}],"wp:featuredmedia":[{"embeddable":true,"href":"https:\/\/www.helle.fi\/sv\/wp-json\/wp\/v2\/media\/8812"}],"wp:attachment":[{"href":"https:\/\/www.helle.fi\/sv\/wp-json\/wp\/v2\/media?parent=8810"}],"wp:term":[{"taxonomy":"product_brand","embeddable":true,"href":"https:\/\/www.helle.fi\/sv\/wp-json\/wp\/v2\/product_brand?post=8810"},{"taxonomy":"product_cat","embeddable":true,"href":"https:\/\/www.helle.fi\/sv\/wp-json\/wp\/v2\/product_cat?post=8810"},{"taxonomy":"product_tag","embeddable":true,"href":"https:\/\/www.helle.fi\/sv\/wp-json\/wp\/v2\/product_tag?post=8810"}],"curies":[{"name":"wp","href":"https:\/\/api.w.org\/{rel}","templated":true}]}}