{"id":8799,"date":"2026-02-10T14:24:54","date_gmt":"2026-02-10T12:24:54","guid":{"rendered":"https:\/\/www.helle.fi\/tuote\/korsbarstomat-sungold-f1-100-s\/"},"modified":"2026-02-10T14:24:54","modified_gmt":"2026-02-10T12:24:54","slug":"korsbarstomat-sungold-f1-100-s","status":"publish","type":"product","link":"https:\/\/www.helle.fi\/sv\/tuote\/korsbarstomat-sungold-f1-100-s\/","title":{"rendered":"K\u00f6rsb\u00e4rstomat Sungold F1 100 s."},"content":{"rendered":"<p>Sungold \u00e4r en v\u00e4lk\u00e4nd hobbysort med orangegula, mycket s\u00f6ta frukter p\u00e5 ca 15-20 gram. <\/p>\n<p>En mogen k\u00f6rsb\u00e4rstomat med trunk.<\/p>\n<p>S\u00e4ljs i f\u00f6rpackningar om 100 fr\u00f6n.<\/p>\n","protected":false},"excerpt":{"rendered":"<p>Sungold \u00e4r en v\u00e4lk\u00e4nd hobbysort med orangegula, mycket s\u00f6ta frukter p\u00e5 ca 15-20 gram. En mogen k\u00f6rsb\u00e4rstomat med trunk. S\u00e4ljs i f\u00f6rpackningar om 100 fr\u00f6n.<\/p>\n","protected":false},"featured_media":8801,"template":"","meta":{"_improvement_type_select":"improve_an_existing","_thumb_yes_seoaic":false,"_frame_yes_seoaic":false,"seoaic_generate_description":"","seoaic_improve_instructions_prompt":"","seoaic_rollback_content_improvement":"","seoaic_idea_thumbnail_generator":"","thumbnail_generated":false,"thumbnail_generate_prompt":"","seoaic_article_description":""},"product_brand":[],"product_cat":[1567,1445,1512],"product_tag":[1764,1772,1525,1765],"class_list":{"0":"post-8799","1":"product","2":"type-product","3":"status-publish","4":"has-post-thumbnail","6":"product_cat-tomat","7":"product_cat-fron-och-plantor","8":"product_cat-vaxthusgronsaker","9":"product_tag-korsbarstomat-2","10":"product_tag-korsbarstomat-3","11":"product_tag-satoisa","12":"product_tag-sungold-f1","14":"first","15":"instock","16":"taxable","17":"shipping-taxable","18":"purchasable","19":"product-type-simple"},"_links":{"self":[{"href":"https:\/\/www.helle.fi\/sv\/wp-json\/wp\/v2\/product\/8799","targetHints":{"allow":["GET"]}}],"collection":[{"href":"https:\/\/www.helle.fi\/sv\/wp-json\/wp\/v2\/product"}],"about":[{"href":"https:\/\/www.helle.fi\/sv\/wp-json\/wp\/v2\/types\/product"}],"wp:featuredmedia":[{"embeddable":true,"href":"https:\/\/www.helle.fi\/sv\/wp-json\/wp\/v2\/media\/8801"}],"wp:attachment":[{"href":"https:\/\/www.helle.fi\/sv\/wp-json\/wp\/v2\/media?parent=8799"}],"wp:term":[{"taxonomy":"product_brand","embeddable":true,"href":"https:\/\/www.helle.fi\/sv\/wp-json\/wp\/v2\/product_brand?post=8799"},{"taxonomy":"product_cat","embeddable":true,"href":"https:\/\/www.helle.fi\/sv\/wp-json\/wp\/v2\/product_cat?post=8799"},{"taxonomy":"product_tag","embeddable":true,"href":"https:\/\/www.helle.fi\/sv\/wp-json\/wp\/v2\/product_tag?post=8799"}],"curies":[{"name":"wp","href":"https:\/\/api.w.org\/{rel}","templated":true}]}}