{"id":8796,"date":"2026-02-10T14:24:53","date_gmt":"2026-02-10T12:24:53","guid":{"rendered":"https:\/\/www.helle.fi\/tuote\/cupcake-cascadini-100-s\/"},"modified":"2026-02-10T14:24:53","modified_gmt":"2026-02-10T12:24:53","slug":"cupcake-cascadini-100-s","status":"publish","type":"product","link":"https:\/\/www.helle.fi\/sv\/tuote\/cupcake-cascadini-100-s\/","title":{"rendered":"Cupcake Cascadini 100 s."},"content":{"rendered":"<p>Cascadini \u00e4r en kompakt, kortskottsgurksort, vilket g\u00f6r den mycket l\u00e4mplig f\u00f6r krukor och st\u00f6rre krukor.<\/p>\n<p>En tidig och produktiv sort med god motst\u00e5ndskraft mot mj\u00f6ldagg!<\/p>\n<p>Fruktstorlek ca 10 cm. <\/p>\n<p>S\u00e4ljs i f\u00f6rpackningar om 100 fr\u00f6n.<\/p>\n","protected":false},"excerpt":{"rendered":"<p>Cascadini \u00e4r en kompakt, kortskottsgurksort, vilket g\u00f6r den mycket l\u00e4mplig f\u00f6r krukor och st\u00f6rre krukor. En tidig och produktiv sort med god motst\u00e5ndskraft mot mj\u00f6ldagg! Fruktstorlek ca 10 cm. S\u00e4ljs i f\u00f6rpackningar om 100 fr\u00f6n.<\/p>\n","protected":false},"featured_media":8797,"template":"","meta":{"_improvement_type_select":"improve_an_existing","_thumb_yes_seoaic":false,"_frame_yes_seoaic":false,"seoaic_generate_description":"","seoaic_improve_instructions_prompt":"","seoaic_rollback_content_improvement":"","seoaic_idea_thumbnail_generator":"","thumbnail_generated":false,"thumbnail_generate_prompt":"","seoaic_article_description":""},"product_brand":[],"product_cat":[1513,1445,1512],"product_tag":[1761,1525,1460,1760],"class_list":{"0":"post-8796","1":"product","2":"type-product","3":"status-publish","4":"has-post-thumbnail","6":"product_cat-gurka","7":"product_cat-fron-och-plantor","8":"product_cat-vaxthusgronsaker","9":"product_tag-cascadini","10":"product_tag-satoisa","11":"product_tag-tidigt","12":"product_tag-tubburk","14":"first","15":"instock","16":"taxable","17":"shipping-taxable","18":"purchasable","19":"product-type-simple"},"_links":{"self":[{"href":"https:\/\/www.helle.fi\/sv\/wp-json\/wp\/v2\/product\/8796","targetHints":{"allow":["GET"]}}],"collection":[{"href":"https:\/\/www.helle.fi\/sv\/wp-json\/wp\/v2\/product"}],"about":[{"href":"https:\/\/www.helle.fi\/sv\/wp-json\/wp\/v2\/types\/product"}],"wp:featuredmedia":[{"embeddable":true,"href":"https:\/\/www.helle.fi\/sv\/wp-json\/wp\/v2\/media\/8797"}],"wp:attachment":[{"href":"https:\/\/www.helle.fi\/sv\/wp-json\/wp\/v2\/media?parent=8796"}],"wp:term":[{"taxonomy":"product_brand","embeddable":true,"href":"https:\/\/www.helle.fi\/sv\/wp-json\/wp\/v2\/product_brand?post=8796"},{"taxonomy":"product_cat","embeddable":true,"href":"https:\/\/www.helle.fi\/sv\/wp-json\/wp\/v2\/product_cat?post=8796"},{"taxonomy":"product_tag","embeddable":true,"href":"https:\/\/www.helle.fi\/sv\/wp-json\/wp\/v2\/product_tag?post=8796"}],"curies":[{"name":"wp","href":"https:\/\/api.w.org\/{rel}","templated":true}]}}