{"id":8795,"date":"2026-02-10T14:24:41","date_gmt":"2026-02-10T12:24:41","guid":{"rendered":"https:\/\/www.helle.fi\/tuote\/mini-stars-100-p\/"},"modified":"2026-02-10T14:24:41","modified_gmt":"2026-02-10T12:24:41","slug":"mini-stars-100-p","status":"publish","type":"product","link":"https:\/\/www.helle.fi\/sv\/tuote\/mini-stars-100-p\/","title":{"rendered":"Mini Stars 100 p."},"content":{"rendered":"<p>Mini Stars \u00e4r en v\u00e4lk\u00e4nd och mycket popul\u00e4r gurksort i miniatyrformat.<\/p>\n<p>Mycket krispig frukt, ca 8-10 cm l\u00e5ng. <\/p>\n<p>S\u00e4ljs i f\u00f6rpackningar om 100 fr\u00f6n.<\/p>\n","protected":false},"excerpt":{"rendered":"<p>Mini Stars \u00e4r en v\u00e4lk\u00e4nd och mycket popul\u00e4r gurksort i miniatyrformat. Mycket krispig frukt, ca 8-10 cm l\u00e5ng. S\u00e4ljs i f\u00f6rpackningar om 100 fr\u00f6n.<\/p>\n","protected":false},"featured_media":8798,"template":"","meta":{"_improvement_type_select":"improve_an_existing","_thumb_yes_seoaic":false,"_frame_yes_seoaic":false,"seoaic_generate_description":"","seoaic_improve_instructions_prompt":"","seoaic_rollback_content_improvement":"","seoaic_idea_thumbnail_generator":"","thumbnail_generated":false,"thumbnail_generate_prompt":"","seoaic_article_description":""},"product_brand":[],"product_cat":[1513,1445,1512],"product_tag":[1762,1763,1760,1623],"class_list":{"0":"post-8795","1":"product","2":"type-product","3":"status-publish","4":"has-post-thumbnail","6":"product_cat-gurka","7":"product_cat-fron-och-plantor","8":"product_cat-vaxthusgronsaker","9":"product_tag-mini-stjarnor","10":"product_tag-miniformat","11":"product_tag-tubburk","12":"product_tag-valdtakt","14":"first","15":"instock","16":"taxable","17":"shipping-taxable","18":"purchasable","19":"product-type-simple"},"_links":{"self":[{"href":"https:\/\/www.helle.fi\/sv\/wp-json\/wp\/v2\/product\/8795","targetHints":{"allow":["GET"]}}],"collection":[{"href":"https:\/\/www.helle.fi\/sv\/wp-json\/wp\/v2\/product"}],"about":[{"href":"https:\/\/www.helle.fi\/sv\/wp-json\/wp\/v2\/types\/product"}],"wp:featuredmedia":[{"embeddable":true,"href":"https:\/\/www.helle.fi\/sv\/wp-json\/wp\/v2\/media\/8798"}],"wp:attachment":[{"href":"https:\/\/www.helle.fi\/sv\/wp-json\/wp\/v2\/media?parent=8795"}],"wp:term":[{"taxonomy":"product_brand","embeddable":true,"href":"https:\/\/www.helle.fi\/sv\/wp-json\/wp\/v2\/product_brand?post=8795"},{"taxonomy":"product_cat","embeddable":true,"href":"https:\/\/www.helle.fi\/sv\/wp-json\/wp\/v2\/product_cat?post=8795"},{"taxonomy":"product_tag","embeddable":true,"href":"https:\/\/www.helle.fi\/sv\/wp-json\/wp\/v2\/product_tag?post=8795"}],"curies":[{"name":"wp","href":"https:\/\/api.w.org\/{rel}","templated":true}]}}