{"id":8793,"date":"2026-02-11T10:24:58","date_gmt":"2026-02-11T08:24:58","guid":{"rendered":"https:\/\/www.helle.fi\/tuote\/grupp-sammetblomma-tagetes-citron-vanilj\/"},"modified":"2026-02-11T10:24:58","modified_gmt":"2026-02-11T08:24:58","slug":"grupp-sammetblomma-tagetes-citron-vanilj","status":"publish","type":"product","link":"https:\/\/www.helle.fi\/sv\/tuote\/grupp-sammetblomma-tagetes-citron-vanilj\/","title":{"rendered":"Grupp Sammetblomma Tagetes Citron Vanilj"},"content":{"rendered":"<p>Lemon Vanilla har blekt gr\u00e4ddgula blommor.<\/p>\n<p>En tidig och mycket storblommig sort med rikligt med blommor redan i plantstadiet.<\/p>\n<p>Blommorna i klasar \u00e4r plattrunda och upp till 5 cm i diameter.<\/p>\n<p>H\u00f6jd 25-30 cm.<\/p>\n<p>S\u00e4ljs i f\u00f6rpackningar med 1000 fr\u00f6n.<\/p>\n","protected":false},"excerpt":{"rendered":"<p>Lemon Vanilla har blekt gr\u00e4ddgula blommor. En tidig och mycket storblommig sort med rikligt med blommor redan i plantstadiet. Blommorna i klasar \u00e4r plattrunda och upp till 5 cm i diameter. H\u00f6jd 25-30 cm. S\u00e4ljs i f\u00f6rpackningar med 1000 fr\u00f6n.<\/p>\n","protected":false},"featured_media":8794,"template":"","meta":{"_improvement_type_select":"improve_an_existing","_thumb_yes_seoaic":false,"_frame_yes_seoaic":false,"seoaic_generate_description":"","seoaic_improve_instructions_prompt":"","seoaic_rollback_content_improvement":"","seoaic_idea_thumbnail_generator":"","thumbnail_generated":false,"thumbnail_generate_prompt":"","seoaic_article_description":""},"product_brand":[],"product_cat":[1485,1445],"product_tag":[1733,1759,1678,1758,1460],"class_list":{"0":"post-8793","1":"product","2":"type-product","3":"status-publish","4":"has-post-thumbnail","6":"product_cat-blommor-och-prydnadsvaxter","7":"product_cat-fron-och-plantor","8":"product_tag-grupp-sammet-blomma","9":"product_tag-kramig-gul","10":"product_tag-storblommig","11":"product_tag-tagetes-citron-vanilj","12":"product_tag-tidigt","14":"first","15":"instock","16":"taxable","17":"shipping-taxable","18":"purchasable","19":"product-type-simple"},"_links":{"self":[{"href":"https:\/\/www.helle.fi\/sv\/wp-json\/wp\/v2\/product\/8793","targetHints":{"allow":["GET"]}}],"collection":[{"href":"https:\/\/www.helle.fi\/sv\/wp-json\/wp\/v2\/product"}],"about":[{"href":"https:\/\/www.helle.fi\/sv\/wp-json\/wp\/v2\/types\/product"}],"wp:featuredmedia":[{"embeddable":true,"href":"https:\/\/www.helle.fi\/sv\/wp-json\/wp\/v2\/media\/8794"}],"wp:attachment":[{"href":"https:\/\/www.helle.fi\/sv\/wp-json\/wp\/v2\/media?parent=8793"}],"wp:term":[{"taxonomy":"product_brand","embeddable":true,"href":"https:\/\/www.helle.fi\/sv\/wp-json\/wp\/v2\/product_brand?post=8793"},{"taxonomy":"product_cat","embeddable":true,"href":"https:\/\/www.helle.fi\/sv\/wp-json\/wp\/v2\/product_cat?post=8793"},{"taxonomy":"product_tag","embeddable":true,"href":"https:\/\/www.helle.fi\/sv\/wp-json\/wp\/v2\/product_tag?post=8793"}],"curies":[{"name":"wp","href":"https:\/\/api.w.org\/{rel}","templated":true}]}}