{"id":8790,"date":"2026-02-11T10:25:04","date_gmt":"2026-02-11T08:25:04","guid":{"rendered":"https:\/\/www.helle.fi\/tuote\/tusenskona-tagetes-eldklot\/"},"modified":"2026-02-11T10:25:04","modified_gmt":"2026-02-11T08:25:04","slug":"tusenskona-tagetes-eldklot","status":"publish","type":"product","link":"https:\/\/www.helle.fi\/sv\/tuote\/tusenskona-tagetes-eldklot\/","title":{"rendered":"Tusensk\u00f6na Tagetes Eldklot"},"content":{"rendered":"<p>Gruppen sammetblomma Fireball har en stark gul-orange och r\u00f6d blomning.<\/p>\n<p>V\u00e4xts\u00e4ttet \u00e4r platt och l\u00e5gt. Blommorna \u00e4r sf\u00e4riska och stora. <\/p>\n<p>H\u00f6jd ca 25-30 cm. <\/p>\n<p>S\u00e4ljs i f\u00f6rpackningar om 1000 fr\u00f6n.<\/p>\n<p>&nbsp;<\/p>\n","protected":false},"excerpt":{"rendered":"<p>Gruppen sammetblomma Fireball har en stark gul-orange och r\u00f6d blomning. V\u00e4xts\u00e4ttet \u00e4r platt och l\u00e5gt. Blommorna \u00e4r sf\u00e4riska och stora. H\u00f6jd ca 25-30 cm. S\u00e4ljs i f\u00f6rpackningar om 1000 fr\u00f6n. &nbsp;<\/p>\n","protected":false},"featured_media":8792,"template":"","meta":{"_improvement_type_select":"improve_an_existing","_thumb_yes_seoaic":false,"_frame_yes_seoaic":false,"seoaic_generate_description":"","seoaic_improve_instructions_prompt":"","seoaic_rollback_content_improvement":"","seoaic_idea_thumbnail_generator":"","thumbnail_generated":false,"thumbnail_generate_prompt":"","seoaic_article_description":""},"product_brand":[],"product_cat":[1485,1445],"product_tag":[1733,1757,1585,1753,1756],"class_list":{"0":"post-8790","1":"product","2":"type-product","3":"status-publish","4":"has-post-thumbnail","6":"product_cat-blommor-och-prydnadsvaxter","7":"product_cat-fron-och-plantor","8":"product_tag-grupp-sammet-blomma","9":"product_tag-lag","10":"product_tag-platt","11":"product_tag-starkt-fargade","12":"product_tag-tagetes-eldklot","14":"first","15":"instock","16":"taxable","17":"shipping-taxable","18":"purchasable","19":"product-type-simple"},"_links":{"self":[{"href":"https:\/\/www.helle.fi\/sv\/wp-json\/wp\/v2\/product\/8790","targetHints":{"allow":["GET"]}}],"collection":[{"href":"https:\/\/www.helle.fi\/sv\/wp-json\/wp\/v2\/product"}],"about":[{"href":"https:\/\/www.helle.fi\/sv\/wp-json\/wp\/v2\/types\/product"}],"wp:featuredmedia":[{"embeddable":true,"href":"https:\/\/www.helle.fi\/sv\/wp-json\/wp\/v2\/media\/8792"}],"wp:attachment":[{"href":"https:\/\/www.helle.fi\/sv\/wp-json\/wp\/v2\/media?parent=8790"}],"wp:term":[{"taxonomy":"product_brand","embeddable":true,"href":"https:\/\/www.helle.fi\/sv\/wp-json\/wp\/v2\/product_brand?post=8790"},{"taxonomy":"product_cat","embeddable":true,"href":"https:\/\/www.helle.fi\/sv\/wp-json\/wp\/v2\/product_cat?post=8790"},{"taxonomy":"product_tag","embeddable":true,"href":"https:\/\/www.helle.fi\/sv\/wp-json\/wp\/v2\/product_tag?post=8790"}],"curies":[{"name":"wp","href":"https:\/\/api.w.org\/{rel}","templated":true}]}}