{"id":8787,"date":"2026-02-11T10:25:03","date_gmt":"2026-02-11T08:25:03","guid":{"rendered":"https:\/\/www.helle.fi\/tuote\/grupp-sammetsblomma-tagetes-flamenco\/"},"modified":"2026-02-11T10:25:03","modified_gmt":"2026-02-11T08:25:03","slug":"grupp-sammetsblomma-tagetes-flamenco","status":"publish","type":"product","link":"https:\/\/www.helle.fi\/sv\/tuote\/grupp-sammetsblomma-tagetes-flamenco\/","title":{"rendered":"Grupp sammetsblomma Tagetes Flamenco"},"content":{"rendered":"<p>Grupp sammetblomma I flamenco varierar blommornas f\u00e4rger mellan orange och r\u00f6tt. P\u00e5 v\u00e5ren \u00e4r den dominerande f\u00e4rgen en ljus orange, med mer r\u00f6tt som kommer in senare<br \/>\n. <\/p>\n<p>Blommornas f\u00e4rger \u00e4r ljusa och intensiva.<\/p>\n<p>H\u00f6jd ca 25-30 cm. <\/p>\n<p>S\u00e4ljs i f\u00f6rpackningar om 1000 fr\u00f6n.<\/p>\n","protected":false},"excerpt":{"rendered":"<p>Grupp sammetblomma I flamenco varierar blommornas f\u00e4rger mellan orange och r\u00f6tt. P\u00e5 v\u00e5ren \u00e4r den dominerande f\u00e4rgen en ljus orange, med mer r\u00f6tt som kommer in senare . Blommornas f\u00e4rger \u00e4r ljusa och intensiva. H\u00f6jd ca 25-30 cm. S\u00e4ljs i f\u00f6rpackningar om 1000 fr\u00f6n.<\/p>\n","protected":false},"featured_media":8789,"template":"","meta":{"_improvement_type_select":"improve_an_existing","_thumb_yes_seoaic":false,"_frame_yes_seoaic":false,"seoaic_generate_description":"","seoaic_improve_instructions_prompt":"","seoaic_rollback_content_improvement":"","seoaic_idea_thumbnail_generator":"","thumbnail_generated":false,"thumbnail_generate_prompt":"","seoaic_article_description":""},"product_brand":[],"product_cat":[1485,1445],"product_tag":[1733,1755,1753,1754],"class_list":{"0":"post-8787","1":"product","2":"type-product","3":"status-publish","4":"has-post-thumbnail","6":"product_cat-blommor-och-prydnadsvaxter","7":"product_cat-fron-och-plantor","8":"product_tag-grupp-sammet-blomma","9":"product_tag-ljus","10":"product_tag-starkt-fargade","11":"product_tag-tagetes-flamenco","13":"first","14":"instock","15":"taxable","16":"shipping-taxable","17":"purchasable","18":"product-type-simple"},"_links":{"self":[{"href":"https:\/\/www.helle.fi\/sv\/wp-json\/wp\/v2\/product\/8787","targetHints":{"allow":["GET"]}}],"collection":[{"href":"https:\/\/www.helle.fi\/sv\/wp-json\/wp\/v2\/product"}],"about":[{"href":"https:\/\/www.helle.fi\/sv\/wp-json\/wp\/v2\/types\/product"}],"wp:featuredmedia":[{"embeddable":true,"href":"https:\/\/www.helle.fi\/sv\/wp-json\/wp\/v2\/media\/8789"}],"wp:attachment":[{"href":"https:\/\/www.helle.fi\/sv\/wp-json\/wp\/v2\/media?parent=8787"}],"wp:term":[{"taxonomy":"product_brand","embeddable":true,"href":"https:\/\/www.helle.fi\/sv\/wp-json\/wp\/v2\/product_brand?post=8787"},{"taxonomy":"product_cat","embeddable":true,"href":"https:\/\/www.helle.fi\/sv\/wp-json\/wp\/v2\/product_cat?post=8787"},{"taxonomy":"product_tag","embeddable":true,"href":"https:\/\/www.helle.fi\/sv\/wp-json\/wp\/v2\/product_tag?post=8787"}],"curies":[{"name":"wp","href":"https:\/\/api.w.org\/{rel}","templated":true}]}}