{"id":8782,"date":"2026-02-11T10:25:02","date_gmt":"2026-02-11T08:25:02","guid":{"rendered":"https:\/\/www.helle.fi\/tuote\/dekorativ-tobak-nicotiana-saratoga-mix\/"},"modified":"2026-02-11T10:25:02","modified_gmt":"2026-02-11T08:25:02","slug":"dekorativ-tobak-nicotiana-saratoga-mix","status":"publish","type":"product","link":"https:\/\/www.helle.fi\/sv\/tuote\/dekorativ-tobak-nicotiana-saratoga-mix\/","title":{"rendered":"Dekorativ tobak Nicotiana Saratoga Mix"},"content":{"rendered":"<p>Dekorativ tobak Saratoga Mix \u00e4r en tidig sort som bildar en klotformad planta med blommor \u00f6verallt.<\/p>\n<p>H\u00f6jd ca 25 cm. <\/p>\n<p>S\u00e4ljs i f\u00f6rpackningar om 1000 tabletter.<\/p>\n","protected":false},"excerpt":{"rendered":"<p>Dekorativ tobak Saratoga Mix \u00e4r en tidig sort som bildar en klotformad planta med blommor \u00f6verallt. H\u00f6jd ca 25 cm. S\u00e4ljs i f\u00f6rpackningar om 1000 tabletter.<\/p>\n","protected":false},"featured_media":8785,"template":"","meta":{"_improvement_type_select":"improve_an_existing","_thumb_yes_seoaic":false,"_frame_yes_seoaic":false,"seoaic_generate_description":"","seoaic_improve_instructions_prompt":"","seoaic_rollback_content_improvement":"","seoaic_idea_thumbnail_generator":"","thumbnail_generated":false,"thumbnail_generate_prompt":"","seoaic_article_description":""},"product_brand":[],"product_cat":[1485,1445],"product_tag":[1747,1748,1749,1460],"class_list":{"0":"post-8782","1":"product","2":"type-product","3":"status-publish","4":"has-post-thumbnail","6":"product_cat-blommor-och-prydnadsvaxter","7":"product_cat-fron-och-plantor","8":"product_tag-dekorativ-tobak","9":"product_tag-nicotiana","10":"product_tag-saratoga-mixture","11":"product_tag-tidigt","13":"first","14":"instock","15":"taxable","16":"shipping-taxable","17":"purchasable","18":"product-type-simple"},"_links":{"self":[{"href":"https:\/\/www.helle.fi\/sv\/wp-json\/wp\/v2\/product\/8782","targetHints":{"allow":["GET"]}}],"collection":[{"href":"https:\/\/www.helle.fi\/sv\/wp-json\/wp\/v2\/product"}],"about":[{"href":"https:\/\/www.helle.fi\/sv\/wp-json\/wp\/v2\/types\/product"}],"wp:featuredmedia":[{"embeddable":true,"href":"https:\/\/www.helle.fi\/sv\/wp-json\/wp\/v2\/media\/8785"}],"wp:attachment":[{"href":"https:\/\/www.helle.fi\/sv\/wp-json\/wp\/v2\/media?parent=8782"}],"wp:term":[{"taxonomy":"product_brand","embeddable":true,"href":"https:\/\/www.helle.fi\/sv\/wp-json\/wp\/v2\/product_brand?post=8782"},{"taxonomy":"product_cat","embeddable":true,"href":"https:\/\/www.helle.fi\/sv\/wp-json\/wp\/v2\/product_cat?post=8782"},{"taxonomy":"product_tag","embeddable":true,"href":"https:\/\/www.helle.fi\/sv\/wp-json\/wp\/v2\/product_tag?post=8782"}],"curies":[{"name":"wp","href":"https:\/\/api.w.org\/{rel}","templated":true}]}}