{"id":8779,"date":"2026-02-11T10:25:06","date_gmt":"2026-02-11T08:25:06","guid":{"rendered":"https:\/\/www.helle.fi\/tuote\/isotsinnia-zesty-mix\/"},"modified":"2026-02-11T10:25:06","modified_gmt":"2026-02-11T08:25:06","slug":"isotsinnia-zesty-mix","status":"publish","type":"product","link":"https:\/\/www.helle.fi\/sv\/tuote\/isotsinnia-zesty-mix\/","title":{"rendered":"Isotsinnia Zesty Mix"},"content":{"rendered":"<p>Isotsinnia Zesty Mix \u00e4r en rikt f\u00f6rgrenad serie av sorter. Blommorna \u00e4r stora, helt dubbla och rikligt blommande. <\/p>\n<p>V\u00e4derbest\u00e4ndigheten \u00e4r god och blomningen \u00e5terupptas ganska snabbt, t.ex. efter regn. <\/p>\n<p>H\u00f6jd ca 45-50 cm. <\/p>\n<p>S\u00e4ljs i f\u00f6rpackningar om 100 fr\u00f6n.<\/p>\n<p>&nbsp;<\/p>\n<p>&nbsp;<\/p>\n","protected":false},"excerpt":{"rendered":"<p>Isotsinnia Zesty Mix \u00e4r en rikt f\u00f6rgrenad serie av sorter. Blommorna \u00e4r stora, helt dubbla och rikligt blommande. V\u00e4derbest\u00e4ndigheten \u00e4r god och blomningen \u00e5terupptas ganska snabbt, t.ex. efter regn. H\u00f6jd ca 45-50 cm. S\u00e4ljs i f\u00f6rpackningar om 100 fr\u00f6n. &nbsp; &nbsp;<\/p>\n","protected":false},"featured_media":8781,"template":"","meta":{"_improvement_type_select":"improve_an_existing","_thumb_yes_seoaic":false,"_frame_yes_seoaic":false,"seoaic_generate_description":"","seoaic_improve_instructions_prompt":"","seoaic_rollback_content_improvement":"","seoaic_idea_thumbnail_generator":"","thumbnail_generated":false,"thumbnail_generate_prompt":"","seoaic_article_description":""},"product_brand":[],"product_cat":[1485,1445],"product_tag":[1745,1743,1746,1744],"class_list":{"0":"post-8779","1":"product","2":"type-product","3":"status-publish","4":"has-post-thumbnail","6":"product_cat-blommor-och-prydnadsvaxter","7":"product_cat-fron-och-plantor","8":"product_tag-forgrening","9":"product_tag-isotsinnia","10":"product_tag-kokosnotsblommor","11":"product_tag-pikant-blandning","13":"first","14":"instock","15":"taxable","16":"shipping-taxable","17":"purchasable","18":"product-type-simple"},"_links":{"self":[{"href":"https:\/\/www.helle.fi\/sv\/wp-json\/wp\/v2\/product\/8779","targetHints":{"allow":["GET"]}}],"collection":[{"href":"https:\/\/www.helle.fi\/sv\/wp-json\/wp\/v2\/product"}],"about":[{"href":"https:\/\/www.helle.fi\/sv\/wp-json\/wp\/v2\/types\/product"}],"wp:featuredmedia":[{"embeddable":true,"href":"https:\/\/www.helle.fi\/sv\/wp-json\/wp\/v2\/media\/8781"}],"wp:attachment":[{"href":"https:\/\/www.helle.fi\/sv\/wp-json\/wp\/v2\/media?parent=8779"}],"wp:term":[{"taxonomy":"product_brand","embeddable":true,"href":"https:\/\/www.helle.fi\/sv\/wp-json\/wp\/v2\/product_brand?post=8779"},{"taxonomy":"product_cat","embeddable":true,"href":"https:\/\/www.helle.fi\/sv\/wp-json\/wp\/v2\/product_cat?post=8779"},{"taxonomy":"product_tag","embeddable":true,"href":"https:\/\/www.helle.fi\/sv\/wp-json\/wp\/v2\/product_tag?post=8779"}],"curies":[{"name":"wp","href":"https:\/\/api.w.org\/{rel}","templated":true}]}}