{"id":8778,"date":"2026-02-11T06:24:44","date_gmt":"2026-02-11T04:24:44","guid":{"rendered":"https:\/\/www.helle.fi\/tuote\/vaxthusgurka-dominica-100-s\/"},"modified":"2026-02-11T06:24:44","modified_gmt":"2026-02-11T04:24:44","slug":"vaxthusgurka-dominica-100-s","status":"publish","type":"product","link":"https:\/\/www.helle.fi\/sv\/tuote\/vaxthusgurka-dominica-100-s\/","title":{"rendered":"V\u00e4xthusgurka Dominica 100 s."},"content":{"rendered":"<p>V\u00e4xthusgurka Dominica \u00e4r en frisk och kraftig v\u00e4xthusgurka.<\/p>\n<p>Frukterna \u00e4r m\u00f6rkgr\u00f6na och ca 30 cm l\u00e5nga. <\/p>\n<p>Denna sort \u00e4r idealisk f\u00f6r produktion av plantor!<\/p>\n<p>S\u00e4ljs i f\u00f6rpackningar om 100 fr\u00f6n.<\/p>\n","protected":false},"excerpt":{"rendered":"<p>V\u00e4xthusgurka Dominica \u00e4r en frisk och kraftig v\u00e4xthusgurka. Frukterna \u00e4r m\u00f6rkgr\u00f6na och ca 30 cm l\u00e5nga. Denna sort \u00e4r idealisk f\u00f6r produktion av plantor! S\u00e4ljs i f\u00f6rpackningar om 100 fr\u00f6n.<\/p>\n","protected":false},"featured_media":8780,"template":"","meta":{"_improvement_type_select":"improve_an_existing","_thumb_yes_seoaic":false,"_frame_yes_seoaic":false,"seoaic_generate_description":"","seoaic_improve_instructions_prompt":"","seoaic_rollback_content_improvement":"","seoaic_idea_thumbnail_generator":"","thumbnail_generated":false,"thumbnail_generate_prompt":"","seoaic_article_description":""},"product_brand":[],"product_cat":[1513,1445,1512],"product_tag":[1741,1742,1740,1514],"class_list":{"0":"post-8778","1":"product","2":"type-product","3":"status-publish","4":"has-post-thumbnail","6":"product_cat-gurka","7":"product_cat-fron-och-plantor","8":"product_cat-vaxthusgronsaker","9":"product_tag-dominica","10":"product_tag-kraftfull-2","11":"product_tag-vaxtforadling","12":"product_tag-vaxthusgurka","14":"first","15":"instock","16":"taxable","17":"shipping-taxable","18":"purchasable","19":"product-type-simple"},"_links":{"self":[{"href":"https:\/\/www.helle.fi\/sv\/wp-json\/wp\/v2\/product\/8778","targetHints":{"allow":["GET"]}}],"collection":[{"href":"https:\/\/www.helle.fi\/sv\/wp-json\/wp\/v2\/product"}],"about":[{"href":"https:\/\/www.helle.fi\/sv\/wp-json\/wp\/v2\/types\/product"}],"wp:featuredmedia":[{"embeddable":true,"href":"https:\/\/www.helle.fi\/sv\/wp-json\/wp\/v2\/media\/8780"}],"wp:attachment":[{"href":"https:\/\/www.helle.fi\/sv\/wp-json\/wp\/v2\/media?parent=8778"}],"wp:term":[{"taxonomy":"product_brand","embeddable":true,"href":"https:\/\/www.helle.fi\/sv\/wp-json\/wp\/v2\/product_brand?post=8778"},{"taxonomy":"product_cat","embeddable":true,"href":"https:\/\/www.helle.fi\/sv\/wp-json\/wp\/v2\/product_cat?post=8778"},{"taxonomy":"product_tag","embeddable":true,"href":"https:\/\/www.helle.fi\/sv\/wp-json\/wp\/v2\/product_tag?post=8778"}],"curies":[{"name":"wp","href":"https:\/\/api.w.org\/{rel}","templated":true}]}}