{"id":8774,"date":"2026-02-11T06:24:33","date_gmt":"2026-02-11T04:24:33","guid":{"rendered":"https:\/\/www.helle.fi\/tuote\/nyponros-sunset\/"},"modified":"2026-02-11T06:24:33","modified_gmt":"2026-02-11T04:24:33","slug":"nyponros-sunset","status":"publish","type":"product","link":"https:\/\/www.helle.fi\/sv\/tuote\/nyponros-sunset\/","title":{"rendered":"Nyponros Sunset"},"content":{"rendered":"<p>Rosewood Sunset \u00e4r en persikof\u00e4rgad ett\u00e5rig vinranka med \u00e4tliga skida.<\/p>\n<p>S\u00e4ljs i f\u00f6rpackningar om 100 g.<\/p>\n","protected":false},"excerpt":{"rendered":"<p>Rosewood Sunset \u00e4r en persikof\u00e4rgad ett\u00e5rig vinranka med \u00e4tliga skida. S\u00e4ljs i f\u00f6rpackningar om 100 g.<\/p>\n","protected":false},"featured_media":8775,"template":"","meta":{"_improvement_type_select":"improve_an_existing","_thumb_yes_seoaic":false,"_frame_yes_seoaic":false,"seoaic_generate_description":"","seoaic_improve_instructions_prompt":"","seoaic_rollback_content_improvement":"","seoaic_idea_thumbnail_generator":"","thumbnail_generated":false,"thumbnail_generate_prompt":"","seoaic_article_description":""},"product_brand":[1350],"product_cat":[1485,1445],"product_tag":[1737,1732,1735,1734],"class_list":{"0":"post-8774","1":"product","2":"type-product","3":"status-publish","4":"has-post-thumbnail","6":"product_brand-takii-europe","7":"product_cat-blommor-och-prydnadsvaxter","8":"product_cat-fron-och-plantor","9":"product_tag-brander-atbara","10":"product_tag-nypon","11":"product_tag-persika","12":"product_tag-solnedgang","14":"first","15":"instock","16":"taxable","17":"shipping-taxable","18":"purchasable","19":"product-type-simple"},"_links":{"self":[{"href":"https:\/\/www.helle.fi\/sv\/wp-json\/wp\/v2\/product\/8774","targetHints":{"allow":["GET"]}}],"collection":[{"href":"https:\/\/www.helle.fi\/sv\/wp-json\/wp\/v2\/product"}],"about":[{"href":"https:\/\/www.helle.fi\/sv\/wp-json\/wp\/v2\/types\/product"}],"wp:featuredmedia":[{"embeddable":true,"href":"https:\/\/www.helle.fi\/sv\/wp-json\/wp\/v2\/media\/8775"}],"wp:attachment":[{"href":"https:\/\/www.helle.fi\/sv\/wp-json\/wp\/v2\/media?parent=8774"}],"wp:term":[{"taxonomy":"product_brand","embeddable":true,"href":"https:\/\/www.helle.fi\/sv\/wp-json\/wp\/v2\/product_brand?post=8774"},{"taxonomy":"product_cat","embeddable":true,"href":"https:\/\/www.helle.fi\/sv\/wp-json\/wp\/v2\/product_cat?post=8774"},{"taxonomy":"product_tag","embeddable":true,"href":"https:\/\/www.helle.fi\/sv\/wp-json\/wp\/v2\/product_tag?post=8774"}],"curies":[{"name":"wp","href":"https:\/\/api.w.org\/{rel}","templated":true}]}}