{"id":8773,"date":"2026-02-11T10:25:05","date_gmt":"2026-02-11T08:25:05","guid":{"rendered":"https:\/\/www.helle.fi\/tuote\/grupp-sammetblomma-tagetes-jordgubbsblond\/"},"modified":"2026-02-11T10:25:05","modified_gmt":"2026-02-11T08:25:05","slug":"grupp-sammetblomma-tagetes-jordgubbsblond","status":"publish","type":"product","link":"https:\/\/www.helle.fi\/sv\/tuote\/grupp-sammetblomma-tagetes-jordgubbsblond\/","title":{"rendered":"Grupp Sammetblomma Tagetes Jordgubbsblond"},"content":{"rendered":"<p>Strawberry Blonde Group Velvet Flower har en m\u00e4ngd olika blomf\u00e4rger i olika nyanser av gult och r\u00f6tt.<\/p>\n<p>P\u00e5 v\u00e5ren \u00e4r den dominerande f\u00e4rgen en m\u00e4rklig blekrosa, med mer m\u00f6rkr\u00f6da f\u00e4rger som kommer in senare.<\/p>\n<p>H\u00f6jd ca 25-30 cm. <\/p>\n<p>S\u00e4ljs i f\u00f6rpackningar om 1000 fr\u00f6n.<\/p>\n<p>&nbsp;<\/p>\n","protected":false},"excerpt":{"rendered":"<p>Strawberry Blonde Group Velvet Flower har en m\u00e4ngd olika blomf\u00e4rger i olika nyanser av gult och r\u00f6tt. P\u00e5 v\u00e5ren \u00e4r den dominerande f\u00e4rgen en m\u00e4rklig blekrosa, med mer m\u00f6rkr\u00f6da f\u00e4rger som kommer in senare. H\u00f6jd ca 25-30 cm. S\u00e4ljs i f\u00f6rpackningar om 1000 fr\u00f6n. &nbsp;<\/p>\n","protected":false},"featured_media":8777,"template":"","meta":{"_improvement_type_select":"improve_an_existing","_thumb_yes_seoaic":false,"_frame_yes_seoaic":false,"seoaic_generate_description":"","seoaic_improve_instructions_prompt":"","seoaic_rollback_content_improvement":"","seoaic_idea_thumbnail_generator":"","thumbnail_generated":false,"thumbnail_generate_prompt":"","seoaic_article_description":""},"product_brand":[1352],"product_cat":[1485,1445],"product_tag":[1733,1738,1739,1736],"class_list":{"0":"post-8773","1":"product","2":"type-product","3":"status-publish","4":"has-post-thumbnail","6":"product_brand-pan-american-seed","7":"product_cat-blommor-och-prydnadsvaxter","8":"product_cat-fron-och-plantor","9":"product_tag-grupp-sammet-blomma","10":"product_tag-nyanser-av-gult","11":"product_tag-nyanser-av-rott","12":"product_tag-tagetes-jordgubbsblond","14":"first","15":"instock","16":"taxable","17":"shipping-taxable","18":"purchasable","19":"product-type-simple"},"_links":{"self":[{"href":"https:\/\/www.helle.fi\/sv\/wp-json\/wp\/v2\/product\/8773","targetHints":{"allow":["GET"]}}],"collection":[{"href":"https:\/\/www.helle.fi\/sv\/wp-json\/wp\/v2\/product"}],"about":[{"href":"https:\/\/www.helle.fi\/sv\/wp-json\/wp\/v2\/types\/product"}],"wp:featuredmedia":[{"embeddable":true,"href":"https:\/\/www.helle.fi\/sv\/wp-json\/wp\/v2\/media\/8777"}],"wp:attachment":[{"href":"https:\/\/www.helle.fi\/sv\/wp-json\/wp\/v2\/media?parent=8773"}],"wp:term":[{"taxonomy":"product_brand","embeddable":true,"href":"https:\/\/www.helle.fi\/sv\/wp-json\/wp\/v2\/product_brand?post=8773"},{"taxonomy":"product_cat","embeddable":true,"href":"https:\/\/www.helle.fi\/sv\/wp-json\/wp\/v2\/product_cat?post=8773"},{"taxonomy":"product_tag","embeddable":true,"href":"https:\/\/www.helle.fi\/sv\/wp-json\/wp\/v2\/product_tag?post=8773"}],"curies":[{"name":"wp","href":"https:\/\/api.w.org\/{rel}","templated":true}]}}