{"id":8771,"date":"2026-02-25T11:43:20","date_gmt":"2026-02-25T09:43:20","guid":{"rendered":"https:\/\/www.helle.fi\/tuote\/splendid-kanel-zahara-blandad\/"},"modified":"2026-02-25T11:43:20","modified_gmt":"2026-02-25T09:43:20","slug":"splendid-kanel-zahara-blandad","status":"publish","type":"product","link":"https:\/\/www.helle.fi\/sv\/tuote\/splendid-kanel-zahara-blandad\/","title":{"rendered":"Splendid kanel Zahara Blandad"},"content":{"rendered":"<p>Zahara Mix \u00e4r en parasitofyt med tidig och riklig blomning.<\/p>\n<p>Den har en bred f\u00f6rgrening och \u00e4r mycket t\u00e4ckande \u00e4ven i stora krukor, och n\u00e4r den v\u00e4l \u00e4r etablerad klarar den sig med lite vattning.<\/p>\n<p>V\u00e4xer till en h\u00f6jd av ca 30-40 cm. <\/p>\n<p>S\u00e4ljs i f\u00f6rpackningar om 500 fr\u00f6n.<\/p>\n","protected":false},"excerpt":{"rendered":"<p>Zahara Mix \u00e4r en parasitofyt med tidig och riklig blomning. Den har en bred f\u00f6rgrening och \u00e4r mycket t\u00e4ckande \u00e4ven i stora krukor, och n\u00e4r den v\u00e4l \u00e4r etablerad klarar den sig med lite vattning. V\u00e4xer till en h\u00f6jd av ca 30-40 cm. S\u00e4ljs i f\u00f6rpackningar om 500 fr\u00f6n.<\/p>\n","protected":false},"featured_media":8772,"template":"","meta":{"_improvement_type_select":"improve_an_existing","_thumb_yes_seoaic":false,"_frame_yes_seoaic":false,"seoaic_generate_description":"","seoaic_improve_instructions_prompt":"","seoaic_rollback_content_improvement":"","seoaic_idea_thumbnail_generator":"","thumbnail_generated":false,"thumbnail_generate_prompt":"","seoaic_article_description":""},"product_brand":[1352],"product_cat":[1485,1445],"product_tag":[1729,1731,1460,1730],"class_list":{"0":"post-8771","1":"product","2":"type-product","3":"status-publish","4":"has-post-thumbnail","6":"product_brand-pan-american-seed","7":"product_cat-blommor-och-prydnadsvaxter","8":"product_cat-fron-och-plantor","9":"product_tag-fantastiska-nyheter","10":"product_tag-frikostig","11":"product_tag-tidigt","12":"product_tag-zinnia-zahara-mix","14":"first","15":"instock","16":"taxable","17":"shipping-taxable","18":"purchasable","19":"product-type-simple"},"_links":{"self":[{"href":"https:\/\/www.helle.fi\/sv\/wp-json\/wp\/v2\/product\/8771","targetHints":{"allow":["GET"]}}],"collection":[{"href":"https:\/\/www.helle.fi\/sv\/wp-json\/wp\/v2\/product"}],"about":[{"href":"https:\/\/www.helle.fi\/sv\/wp-json\/wp\/v2\/types\/product"}],"wp:featuredmedia":[{"embeddable":true,"href":"https:\/\/www.helle.fi\/sv\/wp-json\/wp\/v2\/media\/8772"}],"wp:attachment":[{"href":"https:\/\/www.helle.fi\/sv\/wp-json\/wp\/v2\/media?parent=8771"}],"wp:term":[{"taxonomy":"product_brand","embeddable":true,"href":"https:\/\/www.helle.fi\/sv\/wp-json\/wp\/v2\/product_brand?post=8771"},{"taxonomy":"product_cat","embeddable":true,"href":"https:\/\/www.helle.fi\/sv\/wp-json\/wp\/v2\/product_cat?post=8771"},{"taxonomy":"product_tag","embeddable":true,"href":"https:\/\/www.helle.fi\/sv\/wp-json\/wp\/v2\/product_tag?post=8771"}],"curies":[{"name":"wp","href":"https:\/\/api.w.org\/{rel}","templated":true}]}}