{"id":8769,"date":"2026-02-25T11:42:47","date_gmt":"2026-02-25T09:42:47","guid":{"rendered":"https:\/\/www.helle.fi\/tuote\/rosmarin-5-g\/"},"modified":"2026-02-25T11:42:47","modified_gmt":"2026-02-25T09:42:47","slug":"rosmarin-5-g","status":"publish","type":"product","link":"https:\/\/www.helle.fi\/sv\/tuote\/rosmarin-5-g\/","title":{"rendered":"Rosmarin 5 g"},"content":{"rendered":"<p>Rosmarin \u00e4r en popul\u00e4r \u00f6rt f\u00f6r sin doft och prydnad.<\/p>\n<p>Den \u00e4r l\u00e4mplig f\u00f6r f\u00e4rsk anv\u00e4ndning och f\u00f6r torkning.<\/p>\n<p>Sorten har en t\u00e4t stam och \u00e4r l\u00e4mplig f\u00f6r v\u00e4xthusproduktion och odling av plantor.<\/p>\n<p>S\u00e4ljs i 5 g-f\u00f6rpackningar.<\/p>\n","protected":false},"excerpt":{"rendered":"<p>Rosmarin \u00e4r en popul\u00e4r \u00f6rt f\u00f6r sin doft och prydnad. Den \u00e4r l\u00e4mplig f\u00f6r f\u00e4rsk anv\u00e4ndning och f\u00f6r torkning. Sorten har en t\u00e4t stam och \u00e4r l\u00e4mplig f\u00f6r v\u00e4xthusproduktion och odling av plantor. S\u00e4ljs i 5 g-f\u00f6rpackningar.<\/p>\n","protected":false},"featured_media":8770,"template":"","meta":{"_improvement_type_select":"improve_an_existing","_thumb_yes_seoaic":false,"_frame_yes_seoaic":false,"seoaic_generate_description":"","seoaic_improve_instructions_prompt":"","seoaic_rollback_content_improvement":"","seoaic_idea_thumbnail_generator":"","thumbnail_generated":false,"thumbnail_generate_prompt":"","seoaic_article_description":""},"product_brand":[],"product_cat":[1542,1445,1541],"product_tag":[1728,1727,1726,1725],"class_list":{"0":"post-8769","1":"product","2":"type-product","3":"status-publish","4":"has-post-thumbnail","6":"product_cat-orter","7":"product_cat-fron-och-plantor","8":"product_cat-sallader-och-orter","9":"product_tag-for-produktion-av-plantor","10":"product_tag-for-vaxthusproduktion","11":"product_tag-popular","12":"product_tag-rosmarin","14":"first","15":"instock","16":"taxable","17":"shipping-taxable","18":"purchasable","19":"product-type-simple"},"_links":{"self":[{"href":"https:\/\/www.helle.fi\/sv\/wp-json\/wp\/v2\/product\/8769","targetHints":{"allow":["GET"]}}],"collection":[{"href":"https:\/\/www.helle.fi\/sv\/wp-json\/wp\/v2\/product"}],"about":[{"href":"https:\/\/www.helle.fi\/sv\/wp-json\/wp\/v2\/types\/product"}],"wp:featuredmedia":[{"embeddable":true,"href":"https:\/\/www.helle.fi\/sv\/wp-json\/wp\/v2\/media\/8770"}],"wp:attachment":[{"href":"https:\/\/www.helle.fi\/sv\/wp-json\/wp\/v2\/media?parent=8769"}],"wp:term":[{"taxonomy":"product_brand","embeddable":true,"href":"https:\/\/www.helle.fi\/sv\/wp-json\/wp\/v2\/product_brand?post=8769"},{"taxonomy":"product_cat","embeddable":true,"href":"https:\/\/www.helle.fi\/sv\/wp-json\/wp\/v2\/product_cat?post=8769"},{"taxonomy":"product_tag","embeddable":true,"href":"https:\/\/www.helle.fi\/sv\/wp-json\/wp\/v2\/product_tag?post=8769"}],"curies":[{"name":"wp","href":"https:\/\/api.w.org\/{rel}","templated":true}]}}