{"id":8767,"date":"2026-02-25T11:42:44","date_gmt":"2026-02-25T09:42:44","guid":{"rendered":"https:\/\/www.helle.fi\/tuote\/citronbasilika-5-g\/"},"modified":"2026-02-25T11:42:44","modified_gmt":"2026-02-25T09:42:44","slug":"citronbasilika-5-g","status":"publish","type":"product","link":"https:\/\/www.helle.fi\/sv\/tuote\/citronbasilika-5-g\/","title":{"rendered":"Citronbasilika 5 g"},"content":{"rendered":"<p>Citronbasilika doftar och smakar citron, b\u00e5de i bladen och i blommorna!<\/p>\n<p>Den har sm\u00e5 blad och ser mycket vacker ut i en kruka.<\/p>\n<p>Sorten \u00e4r idealisk f\u00f6r fisk- och skaldjursr\u00e4tter och desserter. <\/p>\n<p>S\u00e4ljs i f\u00f6rpackningar om 5 g.<\/p>\n","protected":false},"excerpt":{"rendered":"<p>Citronbasilika doftar och smakar citron, b\u00e5de i bladen och i blommorna! Den har sm\u00e5 blad och ser mycket vacker ut i en kruka. Sorten \u00e4r idealisk f\u00f6r fisk- och skaldjursr\u00e4tter och desserter. S\u00e4ljs i f\u00f6rpackningar om 5 g.<\/p>\n","protected":false},"featured_media":8768,"template":"","meta":{"_improvement_type_select":"improve_an_existing","_thumb_yes_seoaic":false,"_frame_yes_seoaic":false,"seoaic_generate_description":"","seoaic_improve_instructions_prompt":"","seoaic_rollback_content_improvement":"","seoaic_idea_thumbnail_generator":"","thumbnail_generated":false,"thumbnail_generate_prompt":"","seoaic_article_description":""},"product_brand":[],"product_cat":[1542,1445,1541],"product_tag":[1723,1722,1721,1724],"class_list":{"0":"post-8767","1":"product","2":"type-product","3":"status-publish","4":"has-post-thumbnail","6":"product_cat-orter","7":"product_cat-fron-och-plantor","8":"product_cat-sallader-och-orter","9":"product_tag-broschyr","10":"product_tag-citron","11":"product_tag-citronbasilika","12":"product_tag-spektakular","14":"first","15":"instock","16":"taxable","17":"shipping-taxable","18":"purchasable","19":"product-type-simple"},"_links":{"self":[{"href":"https:\/\/www.helle.fi\/sv\/wp-json\/wp\/v2\/product\/8767","targetHints":{"allow":["GET"]}}],"collection":[{"href":"https:\/\/www.helle.fi\/sv\/wp-json\/wp\/v2\/product"}],"about":[{"href":"https:\/\/www.helle.fi\/sv\/wp-json\/wp\/v2\/types\/product"}],"wp:featuredmedia":[{"embeddable":true,"href":"https:\/\/www.helle.fi\/sv\/wp-json\/wp\/v2\/media\/8768"}],"wp:attachment":[{"href":"https:\/\/www.helle.fi\/sv\/wp-json\/wp\/v2\/media?parent=8767"}],"wp:term":[{"taxonomy":"product_brand","embeddable":true,"href":"https:\/\/www.helle.fi\/sv\/wp-json\/wp\/v2\/product_brand?post=8767"},{"taxonomy":"product_cat","embeddable":true,"href":"https:\/\/www.helle.fi\/sv\/wp-json\/wp\/v2\/product_cat?post=8767"},{"taxonomy":"product_tag","embeddable":true,"href":"https:\/\/www.helle.fi\/sv\/wp-json\/wp\/v2\/product_tag?post=8767"}],"curies":[{"name":"wp","href":"https:\/\/api.w.org\/{rel}","templated":true}]}}