{"id":8759,"date":"2026-02-25T11:42:42","date_gmt":"2026-02-25T09:42:42","guid":{"rendered":"https:\/\/www.helle.fi\/tuote\/multileaf-sallad-multigreen-60-1000-piller\/"},"modified":"2026-02-25T11:42:42","modified_gmt":"2026-02-25T09:42:42","slug":"multileaf-sallad-multigreen-60-1000-piller","status":"publish","type":"product","link":"https:\/\/www.helle.fi\/sv\/tuote\/multileaf-sallad-multigreen-60-1000-piller\/","title":{"rendered":"Multileaf sallad Multigreen 60 1000 piller."},"content":{"rendered":"<p>Flerbladssallat Multigreen 60 \u00e4r en kompakt, rundbladig sort med enhetlig form.<\/p>\n<p>Den har en vacker m\u00f6rkgr\u00f6n f\u00e4rg och l\u00e4mpar sig f\u00f6r sk\u00f6rd b\u00e5de hel och skuren i l\u00f6sa blad.<\/p>\n<p>Den har kraftiga blad och god motst\u00e5ndskraft mot bladkantr\u00f6ta.<\/p>\n<p>Den blommar inte l\u00e4tt och l\u00e4mpar sig f\u00f6r odling \u00e5ret runt.<\/p>\n<p>S\u00e4ljs i f\u00f6rpackningar om 1000 piller.<\/p>\n","protected":false},"excerpt":{"rendered":"<p>Flerbladssallat Multigreen 60 \u00e4r en kompakt, rundbladig sort med enhetlig form. Den har en vacker m\u00f6rkgr\u00f6n f\u00e4rg och l\u00e4mpar sig f\u00f6r sk\u00f6rd b\u00e5de hel och skuren i l\u00f6sa blad. Den har kraftiga blad och god motst\u00e5ndskraft mot bladkantr\u00f6ta. Den blommar inte l\u00e4tt och l\u00e4mpar sig f\u00f6r odling \u00e5ret runt. S\u00e4ljs i f\u00f6rpackningar om 1000 piller.<\/p>\n","protected":false},"featured_media":8761,"template":"","meta":{"_improvement_type_select":"improve_an_existing","_thumb_yes_seoaic":false,"_frame_yes_seoaic":false,"seoaic_generate_description":"","seoaic_improve_instructions_prompt":"","seoaic_rollback_content_improvement":"","seoaic_idea_thumbnail_generator":"","thumbnail_generated":false,"thumbnail_generate_prompt":"","seoaic_article_description":""},"product_brand":[],"product_cat":[1547,1445,1541],"product_tag":[1557,1716,1556,1669],"class_list":{"0":"post-8759","1":"product","2":"type-product","3":"status-publish","4":"has-post-thumbnail","6":"product_cat-sallader","7":"product_cat-fron-och-plantor","8":"product_cat-sallader-och-orter","9":"product_tag-flerbladig","10":"product_tag-multigreen-60","11":"product_tag-sallad","12":"product_tag-tat","14":"first","15":"instock","16":"taxable","17":"shipping-taxable","18":"purchasable","19":"product-type-simple"},"_links":{"self":[{"href":"https:\/\/www.helle.fi\/sv\/wp-json\/wp\/v2\/product\/8759","targetHints":{"allow":["GET"]}}],"collection":[{"href":"https:\/\/www.helle.fi\/sv\/wp-json\/wp\/v2\/product"}],"about":[{"href":"https:\/\/www.helle.fi\/sv\/wp-json\/wp\/v2\/types\/product"}],"wp:featuredmedia":[{"embeddable":true,"href":"https:\/\/www.helle.fi\/sv\/wp-json\/wp\/v2\/media\/8761"}],"wp:attachment":[{"href":"https:\/\/www.helle.fi\/sv\/wp-json\/wp\/v2\/media?parent=8759"}],"wp:term":[{"taxonomy":"product_brand","embeddable":true,"href":"https:\/\/www.helle.fi\/sv\/wp-json\/wp\/v2\/product_brand?post=8759"},{"taxonomy":"product_cat","embeddable":true,"href":"https:\/\/www.helle.fi\/sv\/wp-json\/wp\/v2\/product_cat?post=8759"},{"taxonomy":"product_tag","embeddable":true,"href":"https:\/\/www.helle.fi\/sv\/wp-json\/wp\/v2\/product_tag?post=8759"}],"curies":[{"name":"wp","href":"https:\/\/api.w.org\/{rel}","templated":true}]}}