{"id":8750,"date":"2026-02-18T14:21:44","date_gmt":"2026-02-18T12:21:44","guid":{"rendered":"https:\/\/www.helle.fi\/tuote\/paprikor-wls-1225-100-s\/"},"modified":"2026-02-18T14:21:44","modified_gmt":"2026-02-18T12:21:44","slug":"paprikor-wls-1225-100-s","status":"publish","type":"product","link":"https:\/\/www.helle.fi\/sv\/tuote\/paprikor-wls-1225-100-s\/","title":{"rendered":"Paprikor WLS 1225 100 s."},"content":{"rendered":"<p>WLS 1225 \u00e4r en tidig och kraftig sort av gul paprika.<\/p>\n<p>Sorten \u00e4r mycket produktiv och av h\u00f6g kvalitet.<\/p>\n<p>Fruktens vikt ca 190-210 g. <\/p>\n<p>S\u00e4ljs i f\u00f6rpackningar om 100 fr\u00f6n.<\/p>\n","protected":false},"excerpt":{"rendered":"<p>WLS 1225 \u00e4r en tidig och kraftig sort av gul paprika. Sorten \u00e4r mycket produktiv och av h\u00f6g kvalitet. Fruktens vikt ca 190-210 g. S\u00e4ljs i f\u00f6rpackningar om 100 fr\u00f6n.<\/p>\n","protected":false},"featured_media":8758,"template":"","meta":{"_improvement_type_select":"improve_an_existing","_thumb_yes_seoaic":false,"_frame_yes_seoaic":false,"seoaic_generate_description":"","seoaic_improve_instructions_prompt":"","seoaic_rollback_content_improvement":"","seoaic_idea_thumbnail_generator":"","thumbnail_generated":false,"thumbnail_generate_prompt":"","seoaic_article_description":""},"product_brand":[1364],"product_cat":[1570,1445,1512],"product_tag":[1572,1571,1460,1715],"class_list":{"0":"post-8750","1":"product","2":"type-product","3":"status-publish","4":"has-post-thumbnail","6":"product_brand-westland-seeds","7":"product_cat-paprika","8":"product_cat-fron-och-plantor","9":"product_cat-vaxthusgronsaker","10":"product_tag-gul","11":"product_tag-paprika","12":"product_tag-tidigt","13":"product_tag-wls-1225","15":"first","16":"instock","17":"taxable","18":"shipping-taxable","19":"purchasable","20":"product-type-simple"},"_links":{"self":[{"href":"https:\/\/www.helle.fi\/sv\/wp-json\/wp\/v2\/product\/8750","targetHints":{"allow":["GET"]}}],"collection":[{"href":"https:\/\/www.helle.fi\/sv\/wp-json\/wp\/v2\/product"}],"about":[{"href":"https:\/\/www.helle.fi\/sv\/wp-json\/wp\/v2\/types\/product"}],"wp:featuredmedia":[{"embeddable":true,"href":"https:\/\/www.helle.fi\/sv\/wp-json\/wp\/v2\/media\/8758"}],"wp:attachment":[{"href":"https:\/\/www.helle.fi\/sv\/wp-json\/wp\/v2\/media?parent=8750"}],"wp:term":[{"taxonomy":"product_brand","embeddable":true,"href":"https:\/\/www.helle.fi\/sv\/wp-json\/wp\/v2\/product_brand?post=8750"},{"taxonomy":"product_cat","embeddable":true,"href":"https:\/\/www.helle.fi\/sv\/wp-json\/wp\/v2\/product_cat?post=8750"},{"taxonomy":"product_tag","embeddable":true,"href":"https:\/\/www.helle.fi\/sv\/wp-json\/wp\/v2\/product_tag?post=8750"}],"curies":[{"name":"wp","href":"https:\/\/api.w.org\/{rel}","templated":true}]}}