{"id":8749,"date":"2026-02-25T11:31:12","date_gmt":"2026-02-25T09:31:12","guid":{"rendered":"https:\/\/www.helle.fi\/tuote\/hellekesa-en-blommande-landskapsblandning\/"},"modified":"2026-02-25T11:31:12","modified_gmt":"2026-02-25T09:31:12","slug":"hellekesa-en-blommande-landskapsblandning","status":"publish","type":"product","link":"https:\/\/www.helle.fi\/sv\/tuote\/hellekesa-en-blommande-landskapsblandning\/","title":{"rendered":"HelleKes\u00e4 &#8211; en blommande landskapsblandning"},"content":{"rendered":"<p><strong>HelleKes\u00e4e-fr\u00f6blandningen<\/strong> \u00e4r en blandning av flera blomarter och blommar s\u00e5 l\u00e4nge som m\u00f6jligt. Hellebore ger gl\u00e4dje \u00e5t pollinat\u00f6rer och pollinat\u00f6rer, f\u00e4rg till landskapet och blommorna \u00e4r ocks\u00e5 l\u00e4mpliga som snittblommor att samla i en vas. <\/p>\n<p>Det \u00e4r en blommande fr\u00f6blandning som \u00e4r l\u00e4mplig f\u00f6r landskapsarkitektur, som uppfyller<strong> EU: s villkor f\u00f6r biologisk m\u00e5ngfald Field \/ Landscape Seed Mix, <\/strong>och \u00e4r ocks\u00e5 l\u00e4mplig f\u00f6r s\u00e5dd.<\/p>\n<p><strong>Inneh\u00e5ll<\/strong>:<\/p>\n<ul>\n<li>Kornblomma 20%.<\/li>\n<li>maloppi 15 procent<\/li>\n<li>sommarens s\u00f6tsaker 15%.<\/li>\n<li>sommarhalm 15<\/li>\n<li>vallmo av siden 5 %.<\/li>\n<li>sommarens stapelvara 15%.<\/li>\n<li>ringblomma 15<\/li>\n<\/ul>\n<p>Tillr\u00e4cklig m\u00e4ngd 5-7 kg\/ha.<\/p>\n","protected":false},"excerpt":{"rendered":"<p><strong>HelleKes\u00e4e-fr\u00f6blandningen<\/strong> \u00e4r en blandning av flera blomarter och blommar s\u00e5 l\u00e4nge som m\u00f6jligt. Hellebore ger gl\u00e4dje \u00e5t pollinat\u00f6rer och pollinat\u00f6rer, f\u00e4rg till landskapet och blommorna \u00e4r ocks\u00e5 l\u00e4mpliga som snittblommor att samla i en vas. <\/p>\n","protected":false},"featured_media":8751,"template":"","meta":{"_improvement_type_select":"improve_an_existing","_thumb_yes_seoaic":false,"_frame_yes_seoaic":false,"seoaic_generate_description":"","seoaic_improve_instructions_prompt":"","seoaic_rollback_content_improvement":"","seoaic_idea_thumbnail_generator":"","thumbnail_generated":false,"thumbnail_generate_prompt":"","seoaic_article_description":""},"product_brand":[],"product_cat":[1485,1445],"product_tag":[1713,1712,1708,1709,1714,1710,1711],"class_list":{"0":"post-8749","1":"product","2":"type-product","3":"status-publish","4":"has-post-thumbnail","6":"product_cat-blommor-och-prydnadsvaxter","7":"product_cat-fron-och-plantor","8":"product_tag-blandning-av-blomfron","9":"product_tag-blomfron","10":"product_tag-blomkedja","11":"product_tag-blomsterfalt","12":"product_tag-froblandning-av-majsplantor","13":"product_tag-landskapsarkitektur","14":"product_tag-omrade-for-biologisk-mangfald","16":"first","17":"outofstock","18":"taxable","19":"shipping-taxable","20":"purchasable","21":"product-type-variable"},"_links":{"self":[{"href":"https:\/\/www.helle.fi\/sv\/wp-json\/wp\/v2\/product\/8749","targetHints":{"allow":["GET"]}}],"collection":[{"href":"https:\/\/www.helle.fi\/sv\/wp-json\/wp\/v2\/product"}],"about":[{"href":"https:\/\/www.helle.fi\/sv\/wp-json\/wp\/v2\/types\/product"}],"wp:featuredmedia":[{"embeddable":true,"href":"https:\/\/www.helle.fi\/sv\/wp-json\/wp\/v2\/media\/8751"}],"wp:attachment":[{"href":"https:\/\/www.helle.fi\/sv\/wp-json\/wp\/v2\/media?parent=8749"}],"wp:term":[{"taxonomy":"product_brand","embeddable":true,"href":"https:\/\/www.helle.fi\/sv\/wp-json\/wp\/v2\/product_brand?post=8749"},{"taxonomy":"product_cat","embeddable":true,"href":"https:\/\/www.helle.fi\/sv\/wp-json\/wp\/v2\/product_cat?post=8749"},{"taxonomy":"product_tag","embeddable":true,"href":"https:\/\/www.helle.fi\/sv\/wp-json\/wp\/v2\/product_tag?post=8749"}],"curies":[{"name":"wp","href":"https:\/\/api.w.org\/{rel}","templated":true}]}}