{"id":8747,"date":"2026-02-18T14:21:42","date_gmt":"2026-02-18T12:21:42","guid":{"rendered":"https:\/\/www.helle.fi\/tuote\/eukalyptus-babybla-bukett\/"},"modified":"2026-02-18T14:21:42","modified_gmt":"2026-02-18T12:21:42","slug":"eukalyptus-babybla-bukett","status":"publish","type":"product","link":"https:\/\/www.helle.fi\/sv\/tuote\/eukalyptus-babybla-bukett\/","title":{"rendered":"Eukalyptus Babybl\u00e5 bukett"},"content":{"rendered":"<p>Eucalyptus pulverulenta Baby Blue Bouquet \u00e4r en sort som \u00e4r k\u00e4nd f\u00f6r sina silverf\u00e4rgade, sm\u00e5 blad.<\/p>\n<p>Den \u00e4r idealisk f\u00f6r blomsterarrangemang!<\/p>\n<p>S\u00e4ljs i paket med 100 fr\u00f6n.<\/p>\n","protected":false},"excerpt":{"rendered":"<p>Eucalyptus pulverulenta Baby Blue Bouquet \u00e4r en sort som \u00e4r k\u00e4nd f\u00f6r sina silverf\u00e4rgade, sm\u00e5 blad. Den \u00e4r idealisk f\u00f6r blomsterarrangemang! S\u00e4ljs i paket med 100 fr\u00f6n.<\/p>\n","protected":false},"featured_media":8748,"template":"","meta":{"_improvement_type_select":"improve_an_existing","_thumb_yes_seoaic":false,"_frame_yes_seoaic":false,"seoaic_generate_description":"","seoaic_improve_instructions_prompt":"","seoaic_rollback_content_improvement":"","seoaic_idea_thumbnail_generator":"","thumbnail_generated":false,"thumbnail_generate_prompt":"","seoaic_article_description":""},"product_brand":[1351],"product_cat":[1485,1445],"product_tag":[1703,1579,1704,1581],"class_list":{"0":"post-8747","1":"product","2":"type-product","3":"status-publish","4":"has-post-thumbnail","6":"product_brand-benary-ernst-samensucht","7":"product_cat-blommor-och-prydnadsvaxter","8":"product_cat-fron-och-plantor","9":"product_tag-babybla-bukett","10":"product_tag-eukalyptus","11":"product_tag-for-tuppbuntning","12":"product_tag-silverfargad","14":"first","15":"instock","16":"taxable","17":"shipping-taxable","18":"purchasable","19":"product-type-simple"},"_links":{"self":[{"href":"https:\/\/www.helle.fi\/sv\/wp-json\/wp\/v2\/product\/8747","targetHints":{"allow":["GET"]}}],"collection":[{"href":"https:\/\/www.helle.fi\/sv\/wp-json\/wp\/v2\/product"}],"about":[{"href":"https:\/\/www.helle.fi\/sv\/wp-json\/wp\/v2\/types\/product"}],"wp:featuredmedia":[{"embeddable":true,"href":"https:\/\/www.helle.fi\/sv\/wp-json\/wp\/v2\/media\/8748"}],"wp:attachment":[{"href":"https:\/\/www.helle.fi\/sv\/wp-json\/wp\/v2\/media?parent=8747"}],"wp:term":[{"taxonomy":"product_brand","embeddable":true,"href":"https:\/\/www.helle.fi\/sv\/wp-json\/wp\/v2\/product_brand?post=8747"},{"taxonomy":"product_cat","embeddable":true,"href":"https:\/\/www.helle.fi\/sv\/wp-json\/wp\/v2\/product_cat?post=8747"},{"taxonomy":"product_tag","embeddable":true,"href":"https:\/\/www.helle.fi\/sv\/wp-json\/wp\/v2\/product_tag?post=8747"}],"curies":[{"name":"wp","href":"https:\/\/api.w.org\/{rel}","templated":true}]}}