{"id":8743,"date":"2026-02-18T14:21:41","date_gmt":"2026-02-18T12:21:41","guid":{"rendered":"https:\/\/www.helle.fi\/tuote\/aubergine-madonna-100-s\/"},"modified":"2026-02-18T14:21:41","modified_gmt":"2026-02-18T12:21:41","slug":"aubergine-madonna-100-s","status":"publish","type":"product","link":"https:\/\/www.helle.fi\/sv\/tuote\/aubergine-madonna-100-s\/","title":{"rendered":"Aubergine Madonna 100 s."},"content":{"rendered":"<p>Madonna \u00e4r en mycket produktiv och kraftigt v\u00e4xande sort av aubergine.<\/p>\n<p>Den \u00e4r k\u00e4nd f\u00f6r sin l\u00e5ngstr\u00e4ckta, m\u00f6rkt lila frukt.<\/p>\n<p>L\u00e4mplig f\u00f6r odling i v\u00e4xthus och i skyddade omr\u00e5den p\u00e5 friland.<\/p>\n<p>Sorten k\u00e4nnetecknas av en vit interi\u00f6r.<\/p>\n<p>Fruktvikt ca 300 g. <\/p>\n<p>S\u00e4ljs i f\u00f6rpackningar om 100 fr\u00f6n.<\/p>\n","protected":false},"excerpt":{"rendered":"<p>Madonna \u00e4r en mycket produktiv och kraftigt v\u00e4xande sort av aubergine. Den \u00e4r k\u00e4nd f\u00f6r sin l\u00e5ngstr\u00e4ckta, m\u00f6rkt lila frukt. L\u00e4mplig f\u00f6r odling i v\u00e4xthus och i skyddade omr\u00e5den p\u00e5 friland. Sorten k\u00e4nnetecknas av en vit interi\u00f6r. Fruktvikt ca 300 g. S\u00e4ljs i f\u00f6rpackningar om 100 fr\u00f6n.<\/p>\n","protected":false},"featured_media":8744,"template":"","meta":{"_improvement_type_select":"improve_an_existing","_thumb_yes_seoaic":false,"_frame_yes_seoaic":false,"seoaic_generate_description":"","seoaic_improve_instructions_prompt":"","seoaic_rollback_content_improvement":"","seoaic_idea_thumbnail_generator":"","thumbnail_generated":false,"thumbnail_generate_prompt":"","seoaic_article_description":""},"product_brand":[],"product_cat":[1696,1445,1512],"product_tag":[1697,1698,1699,1700],"class_list":{"0":"post-8743","1":"product","2":"type-product","3":"status-publish","4":"has-post-thumbnail","6":"product_cat-aubergine","7":"product_cat-fron-och-plantor","8":"product_cat-vaxthusgronsaker","9":"product_tag-aubergine","10":"product_tag-madonna","11":"product_tag-morkt-lila","12":"product_tag-oval-form","14":"first","15":"instock","16":"taxable","17":"shipping-taxable","18":"purchasable","19":"product-type-simple"},"_links":{"self":[{"href":"https:\/\/www.helle.fi\/sv\/wp-json\/wp\/v2\/product\/8743","targetHints":{"allow":["GET"]}}],"collection":[{"href":"https:\/\/www.helle.fi\/sv\/wp-json\/wp\/v2\/product"}],"about":[{"href":"https:\/\/www.helle.fi\/sv\/wp-json\/wp\/v2\/types\/product"}],"wp:featuredmedia":[{"embeddable":true,"href":"https:\/\/www.helle.fi\/sv\/wp-json\/wp\/v2\/media\/8744"}],"wp:attachment":[{"href":"https:\/\/www.helle.fi\/sv\/wp-json\/wp\/v2\/media?parent=8743"}],"wp:term":[{"taxonomy":"product_brand","embeddable":true,"href":"https:\/\/www.helle.fi\/sv\/wp-json\/wp\/v2\/product_brand?post=8743"},{"taxonomy":"product_cat","embeddable":true,"href":"https:\/\/www.helle.fi\/sv\/wp-json\/wp\/v2\/product_cat?post=8743"},{"taxonomy":"product_tag","embeddable":true,"href":"https:\/\/www.helle.fi\/sv\/wp-json\/wp\/v2\/product_tag?post=8743"}],"curies":[{"name":"wp","href":"https:\/\/api.w.org\/{rel}","templated":true}]}}