{"id":8739,"date":"2026-02-18T14:21:33","date_gmt":"2026-02-18T12:21:33","guid":{"rendered":"https:\/\/www.helle.fi\/tuote\/silvrigt-smaragdgront-vattenfall\/"},"modified":"2026-02-18T14:21:33","modified_gmt":"2026-02-18T12:21:33","slug":"silvrigt-smaragdgront-vattenfall","status":"publish","type":"product","link":"https:\/\/www.helle.fi\/sv\/tuote\/silvrigt-smaragdgront-vattenfall\/","title":{"rendered":"Silvrigt smaragdgr\u00f6nt vattenfall"},"content":{"rendered":"<p>Silverfall Emerald Falls \u00e4r en m\u00f6rkgr\u00f6nbladig, popul\u00e4r rabatt- och krukv\u00e4xt.<\/p>\n<p>Den t\u00e5l v\u00e4rme och torka bra, vilket g\u00f6r den l\u00e4mplig f\u00f6r plantering \u00e4ven p\u00e5 varma platser.<\/p>\n<p>Skotten blir ca 90-120 cm l\u00e5nga. <\/p>\n<p>S\u00e4ljs i f\u00f6rpackningar om 100 tabletter.<\/p>\n","protected":false},"excerpt":{"rendered":"<p>Silverfall Emerald Falls \u00e4r en m\u00f6rkgr\u00f6nbladig, popul\u00e4r rabatt- och krukv\u00e4xt. Den t\u00e5l v\u00e4rme och torka bra, vilket g\u00f6r den l\u00e4mplig f\u00f6r plantering \u00e4ven p\u00e5 varma platser. Skotten blir ca 90-120 cm l\u00e5nga. S\u00e4ljs i f\u00f6rpackningar om 100 tabletter.<\/p>\n","protected":false},"featured_media":8740,"template":"","meta":{"_improvement_type_select":"improve_an_existing","_thumb_yes_seoaic":false,"_frame_yes_seoaic":false,"seoaic_generate_description":"","seoaic_improve_instructions_prompt":"","seoaic_rollback_content_improvement":"","seoaic_idea_thumbnail_generator":"","thumbnail_generated":false,"thumbnail_generate_prompt":"","seoaic_article_description":""},"product_brand":[1352],"product_cat":[1485,1445],"product_tag":[1614,1535,1613,1692],"class_list":{"0":"post-8739","1":"product","2":"type-product","3":"status-publish","4":"has-post-thumbnail","6":"product_brand-pan-american-seed","7":"product_cat-blommor-och-prydnadsvaxter","8":"product_cat-fron-och-plantor","9":"product_tag-kruk-och-krukvaxt","10":"product_tag-morkgron","11":"product_tag-silverdusch","12":"product_tag-smaragdfallen","14":"first","15":"instock","16":"taxable","17":"shipping-taxable","18":"purchasable","19":"product-type-simple"},"_links":{"self":[{"href":"https:\/\/www.helle.fi\/sv\/wp-json\/wp\/v2\/product\/8739","targetHints":{"allow":["GET"]}}],"collection":[{"href":"https:\/\/www.helle.fi\/sv\/wp-json\/wp\/v2\/product"}],"about":[{"href":"https:\/\/www.helle.fi\/sv\/wp-json\/wp\/v2\/types\/product"}],"wp:featuredmedia":[{"embeddable":true,"href":"https:\/\/www.helle.fi\/sv\/wp-json\/wp\/v2\/media\/8740"}],"wp:attachment":[{"href":"https:\/\/www.helle.fi\/sv\/wp-json\/wp\/v2\/media?parent=8739"}],"wp:term":[{"taxonomy":"product_brand","embeddable":true,"href":"https:\/\/www.helle.fi\/sv\/wp-json\/wp\/v2\/product_brand?post=8739"},{"taxonomy":"product_cat","embeddable":true,"href":"https:\/\/www.helle.fi\/sv\/wp-json\/wp\/v2\/product_cat?post=8739"},{"taxonomy":"product_tag","embeddable":true,"href":"https:\/\/www.helle.fi\/sv\/wp-json\/wp\/v2\/product_tag?post=8739"}],"curies":[{"name":"wp","href":"https:\/\/api.w.org\/{rel}","templated":true}]}}