{"id":8737,"date":"2026-02-16T14:20:43","date_gmt":"2026-02-16T12:20:43","guid":{"rendered":"https:\/\/www.helle.fi\/tuote\/landskapsarkitektur-solros-splendor-mix-1-kg\/"},"modified":"2026-03-05T14:35:20","modified_gmt":"2026-03-05T12:35:20","slug":"landskapsarkitektur-solros-splendor-mix-1-kg","status":"publish","type":"product","link":"https:\/\/www.helle.fi\/sv\/tuote\/landskapsarkitektur-solros-splendor-mix-1-kg\/","title":{"rendered":"Landskapsarkitektur Solros Splendor mix 1 kg"},"content":{"rendered":"<p>Shine mix \u00e4r en frilandssort som l\u00e4mpar sig f\u00f6r klippning, landskapsarkitektur eller som bakgrundsv\u00e4xt i blomstergrupper.<\/p>\n<p>Den fr\u00e4scha f\u00e4rgmixen omfattar citrongula, gyllengula och r\u00f6da sorter med m\u00f6rk mitt.<\/p>\n<p>Vissa sorter har ett f\u00f6rgrenat v\u00e4xts\u00e4tt.<\/p>\n<p>H\u00f6jd ca 160 cm. <\/p>\n<p>S\u00e4ljs i f\u00f6rpackningar om 1 kg.<\/p>\n","protected":false},"excerpt":{"rendered":"<p>Shine mix \u00e4r en frilandssort som l\u00e4mpar sig f\u00f6r klippning, landskapsarkitektur eller som bakgrundsv\u00e4xt i blomstergrupper. Den fr\u00e4scha f\u00e4rgmixen omfattar citrongula, gyllengula och r\u00f6da sorter med m\u00f6rk mitt. Vissa sorter har ett f\u00f6rgrenat v\u00e4xts\u00e4tt. H\u00f6jd ca 160 cm. S\u00e4ljs i f\u00f6rpackningar om 1 kg.<\/p>\n","protected":false},"featured_media":8738,"template":"","meta":{"_improvement_type_select":"improve_an_existing","_thumb_yes_seoaic":false,"_frame_yes_seoaic":false,"seoaic_generate_description":"","seoaic_improve_instructions_prompt":"","seoaic_rollback_content_improvement":"","seoaic_idea_thumbnail_generator":"","thumbnail_generated":false,"thumbnail_generate_prompt":"","seoaic_article_description":""},"product_brand":[],"product_cat":[1103],"product_tag":[],"class_list":{"0":"post-8737","1":"product","2":"type-product","3":"status-publish","4":"has-post-thumbnail","6":"product_cat-muut-fi","8":"first","9":"instock","10":"taxable","11":"shipping-taxable","12":"purchasable","13":"product-type-simple"},"_links":{"self":[{"href":"https:\/\/www.helle.fi\/sv\/wp-json\/wp\/v2\/product\/8737","targetHints":{"allow":["GET"]}}],"collection":[{"href":"https:\/\/www.helle.fi\/sv\/wp-json\/wp\/v2\/product"}],"about":[{"href":"https:\/\/www.helle.fi\/sv\/wp-json\/wp\/v2\/types\/product"}],"wp:featuredmedia":[{"embeddable":true,"href":"https:\/\/www.helle.fi\/sv\/wp-json\/wp\/v2\/media\/8738"}],"wp:attachment":[{"href":"https:\/\/www.helle.fi\/sv\/wp-json\/wp\/v2\/media?parent=8737"}],"wp:term":[{"taxonomy":"product_brand","embeddable":true,"href":"https:\/\/www.helle.fi\/sv\/wp-json\/wp\/v2\/product_brand?post=8737"},{"taxonomy":"product_cat","embeddable":true,"href":"https:\/\/www.helle.fi\/sv\/wp-json\/wp\/v2\/product_cat?post=8737"},{"taxonomy":"product_tag","embeddable":true,"href":"https:\/\/www.helle.fi\/sv\/wp-json\/wp\/v2\/product_tag?post=8737"}],"curies":[{"name":"wp","href":"https:\/\/api.w.org\/{rel}","templated":true}]}}