{"id":8734,"date":"2026-02-18T14:21:31","date_gmt":"2026-02-18T12:21:31","guid":{"rendered":"https:\/\/www.helle.fi\/tuote\/kinesisk-dill-coronet-mix\/"},"modified":"2026-02-18T14:21:31","modified_gmt":"2026-02-18T12:21:31","slug":"kinesisk-dill-coronet-mix","status":"publish","type":"product","link":"https:\/\/www.helle.fi\/sv\/tuote\/kinesisk-dill-coronet-mix\/","title":{"rendered":"Kinesisk dill Coronet Mix"},"content":{"rendered":"<p>Kinesisk maskros Coronet \u00e4r en mycket tidig och storblommig sortserie.<\/p>\n<p>Den har f\u00f6r\u00e4dlats f\u00f6r att bli kompakt och grenad.<\/p>\n<p>Den kr\u00e4ver mindre odlingssubstrat \u00e4n traditionella serier.<\/p>\n<p>S\u00e4ljs i f\u00f6rpackningar med 1000 piller.<\/p>\n","protected":false},"excerpt":{"rendered":"<p>Kinesisk maskros Coronet \u00e4r en mycket tidig och storblommig sortserie. Den har f\u00f6r\u00e4dlats f\u00f6r att bli kompakt och grenad. Den kr\u00e4ver mindre odlingssubstrat \u00e4n traditionella serier. S\u00e4ljs i f\u00f6rpackningar med 1000 piller.<\/p>\n","protected":false},"featured_media":8736,"template":"","meta":{"_improvement_type_select":"improve_an_existing","_thumb_yes_seoaic":false,"_frame_yes_seoaic":false,"seoaic_generate_description":"","seoaic_improve_instructions_prompt":"","seoaic_rollback_content_improvement":"","seoaic_idea_thumbnail_generator":"","thumbnail_generated":false,"thumbnail_generate_prompt":"","seoaic_article_description":""},"product_brand":[1352],"product_cat":[1485,1445],"product_tag":[1688,1687,1678,1460],"class_list":{"0":"post-8734","1":"product","2":"type-product","3":"status-publish","4":"has-post-thumbnail","6":"product_brand-pan-american-seed","7":"product_cat-blommor-och-prydnadsvaxter","8":"product_cat-fron-och-plantor","9":"product_tag-coronet-mix","10":"product_tag-kinesisk-alg","11":"product_tag-storblommig","12":"product_tag-tidigt","14":"first","15":"instock","16":"taxable","17":"shipping-taxable","18":"purchasable","19":"product-type-simple"},"_links":{"self":[{"href":"https:\/\/www.helle.fi\/sv\/wp-json\/wp\/v2\/product\/8734","targetHints":{"allow":["GET"]}}],"collection":[{"href":"https:\/\/www.helle.fi\/sv\/wp-json\/wp\/v2\/product"}],"about":[{"href":"https:\/\/www.helle.fi\/sv\/wp-json\/wp\/v2\/types\/product"}],"wp:featuredmedia":[{"embeddable":true,"href":"https:\/\/www.helle.fi\/sv\/wp-json\/wp\/v2\/media\/8736"}],"wp:attachment":[{"href":"https:\/\/www.helle.fi\/sv\/wp-json\/wp\/v2\/media?parent=8734"}],"wp:term":[{"taxonomy":"product_brand","embeddable":true,"href":"https:\/\/www.helle.fi\/sv\/wp-json\/wp\/v2\/product_brand?post=8734"},{"taxonomy":"product_cat","embeddable":true,"href":"https:\/\/www.helle.fi\/sv\/wp-json\/wp\/v2\/product_cat?post=8734"},{"taxonomy":"product_tag","embeddable":true,"href":"https:\/\/www.helle.fi\/sv\/wp-json\/wp\/v2\/product_tag?post=8734"}],"curies":[{"name":"wp","href":"https:\/\/api.w.org\/{rel}","templated":true}]}}