{"id":8733,"date":"2026-02-11T10:25:15","date_gmt":"2026-02-11T08:25:15","guid":{"rendered":"https:\/\/www.helle.fi\/tuote\/isotsinnia-elegant-hot-mix\/"},"modified":"2026-03-05T14:35:28","modified_gmt":"2026-03-05T12:35:28","slug":"isotsinnia-elegant-hot-mix","status":"publish","type":"product","link":"https:\/\/www.helle.fi\/sv\/tuote\/isotsinnia-elegant-hot-mix\/","title":{"rendered":"Isotsinnia Elegant Hot Mix"},"content":{"rendered":"<div><\/div>\n<div>Elegant Hot Mix \u00e4r en kombination av varma f\u00e4rger!<\/div>\n<div><\/div>\n<div>Rosa, orange, scharlakansr\u00f6tt och rosenr\u00f6tt blandas vackert i krukor och i stora planteringar.<\/div>\n<div><\/div>\n<div>Kompakta v\u00e4xter \u00e4r mycket enhetliga i storlek och blomningsperiod.<\/div>\n<div><\/div>\n<div>S\u00e4ljs i f\u00f6rpackningar om 100 fr\u00f6n.<\/div>\n<div><\/div>\n<div><\/div>\n","protected":false},"excerpt":{"rendered":"<p>Elegant Hot Mix \u00e4r en kombination av varma f\u00e4rger! Rosa, orange, scharlakansr\u00f6tt och rosenr\u00f6tt blandas vackert i krukor och i stora planteringar. Kompakta v\u00e4xter \u00e4r mycket enhetliga i storlek och blomningsperiod. S\u00e4ljs i f\u00f6rpackningar om 100 fr\u00f6n.<\/p>\n","protected":false},"featured_media":8735,"template":"","meta":{"_improvement_type_select":"improve_an_existing","_thumb_yes_seoaic":false,"_frame_yes_seoaic":false,"seoaic_generate_description":"","seoaic_improve_instructions_prompt":"","seoaic_rollback_content_improvement":"","seoaic_idea_thumbnail_generator":"","thumbnail_generated":false,"thumbnail_generate_prompt":"","seoaic_article_description":""},"product_brand":[],"product_cat":[1485,1445],"product_tag":[1683,1684,1686,1685],"class_list":{"0":"post-8733","1":"product","2":"type-product","3":"status-publish","4":"has-post-thumbnail","6":"product_cat-blommor-och-prydnadsvaxter","7":"product_cat-fron-och-plantor","8":"product_tag-dvargformig","9":"product_tag-elegant-hot-mix","10":"product_tag-singel","11":"product_tag-varma-farger","13":"first","14":"instock","15":"taxable","16":"shipping-taxable","17":"purchasable","18":"product-type-simple"},"_links":{"self":[{"href":"https:\/\/www.helle.fi\/sv\/wp-json\/wp\/v2\/product\/8733","targetHints":{"allow":["GET"]}}],"collection":[{"href":"https:\/\/www.helle.fi\/sv\/wp-json\/wp\/v2\/product"}],"about":[{"href":"https:\/\/www.helle.fi\/sv\/wp-json\/wp\/v2\/types\/product"}],"wp:featuredmedia":[{"embeddable":true,"href":"https:\/\/www.helle.fi\/sv\/wp-json\/wp\/v2\/media\/8735"}],"wp:attachment":[{"href":"https:\/\/www.helle.fi\/sv\/wp-json\/wp\/v2\/media?parent=8733"}],"wp:term":[{"taxonomy":"product_brand","embeddable":true,"href":"https:\/\/www.helle.fi\/sv\/wp-json\/wp\/v2\/product_brand?post=8733"},{"taxonomy":"product_cat","embeddable":true,"href":"https:\/\/www.helle.fi\/sv\/wp-json\/wp\/v2\/product_cat?post=8733"},{"taxonomy":"product_tag","embeddable":true,"href":"https:\/\/www.helle.fi\/sv\/wp-json\/wp\/v2\/product_tag?post=8733"}],"curies":[{"name":"wp","href":"https:\/\/api.w.org\/{rel}","templated":true}]}}