{"id":8728,"date":"2026-02-11T10:25:14","date_gmt":"2026-02-11T08:25:14","guid":{"rendered":"https:\/\/www.helle.fi\/tuote\/stor-sammetsblomma-tagetes-vitguld-max\/"},"modified":"2026-03-05T14:35:37","modified_gmt":"2026-03-05T12:35:37","slug":"stor-sammetsblomma-tagetes-vitguld-max","status":"publish","type":"product","link":"https:\/\/www.helle.fi\/sv\/tuote\/stor-sammetsblomma-tagetes-vitguld-max\/","title":{"rendered":"Stor sammetsblomma Tagetes Vitguld Max"},"content":{"rendered":"<p>White Gold Max \u00e4r en storblommig, gr\u00e4ddvit sort.<\/p>\n<p>H\u00f6jd ca 35-40 cm. <\/p>\n<p>S\u00e4ljs i f\u00f6rpackningar om 500 fr\u00f6n.<\/p>\n<p>&nbsp;<\/p>\n<p>&nbsp;<\/p>\n","protected":false},"excerpt":{"rendered":"<p>White Gold Max \u00e4r en storblommig, gr\u00e4ddvit sort. H\u00f6jd ca 35-40 cm. S\u00e4ljs i f\u00f6rpackningar om 500 fr\u00f6n. &nbsp; &nbsp;<\/p>\n","protected":false},"featured_media":8730,"template":"","meta":{"_improvement_type_select":"improve_an_existing","_thumb_yes_seoaic":false,"_frame_yes_seoaic":false,"seoaic_generate_description":"","seoaic_improve_instructions_prompt":"","seoaic_rollback_content_improvement":"","seoaic_idea_thumbnail_generator":"","thumbnail_generated":false,"thumbnail_generate_prompt":"","seoaic_article_description":""},"product_brand":[],"product_cat":[1485,1445],"product_tag":[1677,1676,1678,1679],"class_list":{"0":"post-8728","1":"product","2":"type-product","3":"status-publish","4":"has-post-thumbnail","6":"product_cat-blommor-och-prydnadsvaxter","7":"product_cat-fron-och-plantor","8":"product_tag-graddvit","9":"product_tag-isosametabolisk-blomma","10":"product_tag-storblommig","11":"product_tag-vitguld-max","13":"first","14":"instock","15":"taxable","16":"shipping-taxable","17":"purchasable","18":"product-type-simple"},"_links":{"self":[{"href":"https:\/\/www.helle.fi\/sv\/wp-json\/wp\/v2\/product\/8728","targetHints":{"allow":["GET"]}}],"collection":[{"href":"https:\/\/www.helle.fi\/sv\/wp-json\/wp\/v2\/product"}],"about":[{"href":"https:\/\/www.helle.fi\/sv\/wp-json\/wp\/v2\/types\/product"}],"wp:featuredmedia":[{"embeddable":true,"href":"https:\/\/www.helle.fi\/sv\/wp-json\/wp\/v2\/media\/8730"}],"wp:attachment":[{"href":"https:\/\/www.helle.fi\/sv\/wp-json\/wp\/v2\/media?parent=8728"}],"wp:term":[{"taxonomy":"product_brand","embeddable":true,"href":"https:\/\/www.helle.fi\/sv\/wp-json\/wp\/v2\/product_brand?post=8728"},{"taxonomy":"product_cat","embeddable":true,"href":"https:\/\/www.helle.fi\/sv\/wp-json\/wp\/v2\/product_cat?post=8728"},{"taxonomy":"product_tag","embeddable":true,"href":"https:\/\/www.helle.fi\/sv\/wp-json\/wp\/v2\/product_tag?post=8728"}],"curies":[{"name":"wp","href":"https:\/\/api.w.org\/{rel}","templated":true}]}}