{"id":8724,"date":"2026-02-11T10:25:13","date_gmt":"2026-02-11T08:25:13","guid":{"rendered":"https:\/\/www.helle.fi\/tuote\/petunia-picobella-mix\/"},"modified":"2026-03-05T14:35:40","modified_gmt":"2026-03-05T12:35:40","slug":"petunia-picobella-mix","status":"publish","type":"product","link":"https:\/\/www.helle.fi\/sv\/tuote\/petunia-picobella-mix\/","title":{"rendered":"Petunia Picobella Mix"},"content":{"rendered":"<p>Petunia Picobella \u00e4r en genetiskt t\u00e4t petunia.<\/p>\n<p>Tillv\u00e4xtmedier b\u00f6r anv\u00e4ndas med f\u00f6rsiktighet.<\/p>\n<p>S\u00e4ljs i f\u00f6rpackningar om 500 piller.<\/p>\n<p>&nbsp;<\/p>\n<p>&nbsp;<\/p>\n","protected":false},"excerpt":{"rendered":"<p>Petunia Picobella \u00e4r en genetiskt t\u00e4t petunia. Tillv\u00e4xtmedier b\u00f6r anv\u00e4ndas med f\u00f6rsiktighet. S\u00e4ljs i f\u00f6rpackningar om 500 piller. &nbsp; &nbsp;<\/p>\n","protected":false},"featured_media":8725,"template":"","meta":{"_improvement_type_select":"improve_an_existing","_thumb_yes_seoaic":false,"_frame_yes_seoaic":false,"seoaic_generate_description":"","seoaic_improve_instructions_prompt":"","seoaic_rollback_content_improvement":"","seoaic_idea_thumbnail_generator":"","thumbnail_generated":false,"thumbnail_generate_prompt":"","seoaic_article_description":""},"product_brand":[1354],"product_cat":[1485,1445],"product_tag":[1672,1673,1671,1669],"class_list":{"0":"post-8724","1":"product","2":"type-product","3":"status-publish","4":"has-post-thumbnail","6":"product_brand-syngenta-flowers","7":"product_cat-blommor-och-prydnadsvaxter","8":"product_cat-fron-och-plantor","9":"product_tag-petunia-milliflora","10":"product_tag-picobella","11":"product_tag-pushtun","12":"product_tag-tat","14":"first","15":"instock","16":"taxable","17":"shipping-taxable","18":"purchasable","19":"product-type-simple"},"_links":{"self":[{"href":"https:\/\/www.helle.fi\/sv\/wp-json\/wp\/v2\/product\/8724","targetHints":{"allow":["GET"]}}],"collection":[{"href":"https:\/\/www.helle.fi\/sv\/wp-json\/wp\/v2\/product"}],"about":[{"href":"https:\/\/www.helle.fi\/sv\/wp-json\/wp\/v2\/types\/product"}],"wp:featuredmedia":[{"embeddable":true,"href":"https:\/\/www.helle.fi\/sv\/wp-json\/wp\/v2\/media\/8725"}],"wp:attachment":[{"href":"https:\/\/www.helle.fi\/sv\/wp-json\/wp\/v2\/media?parent=8724"}],"wp:term":[{"taxonomy":"product_brand","embeddable":true,"href":"https:\/\/www.helle.fi\/sv\/wp-json\/wp\/v2\/product_brand?post=8724"},{"taxonomy":"product_cat","embeddable":true,"href":"https:\/\/www.helle.fi\/sv\/wp-json\/wp\/v2\/product_cat?post=8724"},{"taxonomy":"product_tag","embeddable":true,"href":"https:\/\/www.helle.fi\/sv\/wp-json\/wp\/v2\/product_tag?post=8724"}],"curies":[{"name":"wp","href":"https:\/\/api.w.org\/{rel}","templated":true}]}}