{"id":8722,"date":"2026-02-18T14:21:25","date_gmt":"2026-02-18T12:21:25","guid":{"rendered":"https:\/\/www.helle.fi\/tuote\/chilipeppar-wls-2600-100-s\/"},"modified":"2026-02-18T14:21:25","modified_gmt":"2026-02-18T12:21:25","slug":"chilipeppar-wls-2600-100-s","status":"publish","type":"product","link":"https:\/\/www.helle.fi\/sv\/tuote\/chilipeppar-wls-2600-100-s\/","title":{"rendered":"Chilipeppar WLS 2600 100 s."},"content":{"rendered":"<p>WLS 2600 \u00e4r en tidig, r\u00f6d chilisort.<\/p>\n<p>Sorten \u00e4r livskraftig och av h\u00f6g kvalitet.<\/p>\n<p>Fruktvikt ca 20-22 g. <\/p>\n<p>S\u00e4ljs i f\u00f6rpackningar om 100 fr\u00f6n.<\/p>\n","protected":false},"excerpt":{"rendered":"<p>WLS 2600 \u00e4r en tidig, r\u00f6d chilisort. Sorten \u00e4r livskraftig och av h\u00f6g kvalitet. Fruktvikt ca 20-22 g. S\u00e4ljs i f\u00f6rpackningar om 100 fr\u00f6n.<\/p>\n","protected":false},"featured_media":8723,"template":"","meta":{"_improvement_type_select":"improve_an_existing","_thumb_yes_seoaic":false,"_frame_yes_seoaic":false,"seoaic_generate_description":"","seoaic_improve_instructions_prompt":"","seoaic_rollback_content_improvement":"","seoaic_idea_thumbnail_generator":"","thumbnail_generated":false,"thumbnail_generate_prompt":"","seoaic_article_description":""},"product_brand":[],"product_cat":[1600,1445,1512],"product_tag":[1601,1596,1460,1670],"class_list":{"0":"post-8722","1":"product","2":"type-product","3":"status-publish","4":"has-post-thumbnail","6":"product_cat-chilli","7":"product_cat-fron-och-plantor","8":"product_cat-vaxthusgronsaker","9":"product_tag-chili","10":"product_tag-rod","11":"product_tag-tidigt","12":"product_tag-wls-2600","14":"first","15":"instock","16":"taxable","17":"shipping-taxable","18":"purchasable","19":"product-type-simple"},"_links":{"self":[{"href":"https:\/\/www.helle.fi\/sv\/wp-json\/wp\/v2\/product\/8722","targetHints":{"allow":["GET"]}}],"collection":[{"href":"https:\/\/www.helle.fi\/sv\/wp-json\/wp\/v2\/product"}],"about":[{"href":"https:\/\/www.helle.fi\/sv\/wp-json\/wp\/v2\/types\/product"}],"wp:featuredmedia":[{"embeddable":true,"href":"https:\/\/www.helle.fi\/sv\/wp-json\/wp\/v2\/media\/8723"}],"wp:attachment":[{"href":"https:\/\/www.helle.fi\/sv\/wp-json\/wp\/v2\/media?parent=8722"}],"wp:term":[{"taxonomy":"product_brand","embeddable":true,"href":"https:\/\/www.helle.fi\/sv\/wp-json\/wp\/v2\/product_brand?post=8722"},{"taxonomy":"product_cat","embeddable":true,"href":"https:\/\/www.helle.fi\/sv\/wp-json\/wp\/v2\/product_cat?post=8722"},{"taxonomy":"product_tag","embeddable":true,"href":"https:\/\/www.helle.fi\/sv\/wp-json\/wp\/v2\/product_tag?post=8722"}],"curies":[{"name":"wp","href":"https:\/\/api.w.org\/{rel}","templated":true}]}}