{"id":8719,"date":"2026-02-11T10:25:12","date_gmt":"2026-02-11T08:25:12","guid":{"rendered":"https:\/\/www.helle.fi\/tuote\/petunia-mambo-gp-mix\/"},"modified":"2026-03-05T14:35:43","modified_gmt":"2026-03-05T12:35:43","slug":"petunia-mambo-gp-mix","status":"publish","type":"product","link":"https:\/\/www.helle.fi\/sv\/tuote\/petunia-mambo-gp-mix\/","title":{"rendered":"Petunia Mambo GP Mix"},"content":{"rendered":"<p>Petunia Mambo GP \u00e4r en storblommig, popul\u00e4r och rikligt blommande Petunia multiflora.<\/p>\n<p>Genetiskt t\u00e4t med god gruppresistens.<\/p>\n<p>S\u00e4ljs i f\u00f6rpackningar om 500 piller.<\/p>\n<p>&nbsp;<\/p>\n<p>&nbsp;<\/p>\n","protected":false},"excerpt":{"rendered":"<p>Petunia Mambo GP \u00e4r en storblommig, popul\u00e4r och rikligt blommande Petunia multiflora. Genetiskt t\u00e4t med god gruppresistens. S\u00e4ljs i f\u00f6rpackningar om 500 piller. &nbsp; &nbsp;<\/p>\n","protected":false},"featured_media":8721,"template":"","meta":{"_improvement_type_select":"improve_an_existing","_thumb_yes_seoaic":false,"_frame_yes_seoaic":false,"seoaic_generate_description":"","seoaic_improve_instructions_prompt":"","seoaic_rollback_content_improvement":"","seoaic_idea_thumbnail_generator":"","thumbnail_generated":false,"thumbnail_generate_prompt":"","seoaic_article_description":""},"product_brand":[],"product_cat":[1485,1445],"product_tag":[1668,1667,1666,1669],"class_list":{"0":"post-8719","1":"product","2":"type-product","3":"status-publish","4":"has-post-thumbnail","6":"product_cat-blommor-och-prydnadsvaxter","7":"product_cat-fron-och-plantor","8":"product_tag-kokosnotsblommig","9":"product_tag-mambo-gp-mix","10":"product_tag-petunia","11":"product_tag-tat","13":"first","14":"instock","15":"taxable","16":"shipping-taxable","17":"purchasable","18":"product-type-simple"},"_links":{"self":[{"href":"https:\/\/www.helle.fi\/sv\/wp-json\/wp\/v2\/product\/8719","targetHints":{"allow":["GET"]}}],"collection":[{"href":"https:\/\/www.helle.fi\/sv\/wp-json\/wp\/v2\/product"}],"about":[{"href":"https:\/\/www.helle.fi\/sv\/wp-json\/wp\/v2\/types\/product"}],"wp:featuredmedia":[{"embeddable":true,"href":"https:\/\/www.helle.fi\/sv\/wp-json\/wp\/v2\/media\/8721"}],"wp:attachment":[{"href":"https:\/\/www.helle.fi\/sv\/wp-json\/wp\/v2\/media?parent=8719"}],"wp:term":[{"taxonomy":"product_brand","embeddable":true,"href":"https:\/\/www.helle.fi\/sv\/wp-json\/wp\/v2\/product_brand?post=8719"},{"taxonomy":"product_cat","embeddable":true,"href":"https:\/\/www.helle.fi\/sv\/wp-json\/wp\/v2\/product_cat?post=8719"},{"taxonomy":"product_tag","embeddable":true,"href":"https:\/\/www.helle.fi\/sv\/wp-json\/wp\/v2\/product_tag?post=8719"}],"curies":[{"name":"wp","href":"https:\/\/api.w.org\/{rel}","templated":true}]}}