{"id":8717,"date":"2026-02-18T14:21:22","date_gmt":"2026-02-18T12:21:22","guid":{"rendered":"https:\/\/www.helle.fi\/tuote\/solros-sunrich-f1-orange\/"},"modified":"2026-02-18T14:21:22","modified_gmt":"2026-02-18T12:21:22","slug":"solros-sunrich-f1-orange","status":"publish","type":"product","link":"https:\/\/www.helle.fi\/sv\/tuote\/solros-sunrich-f1-orange\/","title":{"rendered":"Solros Sunrich F1 Orange"},"content":{"rendered":"<p>Solros Sunrich Orange \u00e4r en pollenfri, h\u00e4rdig, starkstammig och storblommig lekfull sort.<\/p>\n<p>Den \u00e4r l\u00e4mplig f\u00f6r b\u00e5de v\u00e4xthus- och frilandsproduktion.<\/p>\n<p>Sorten har en h\u00f6g motst\u00e5ndskraft mot bladm\u00f6gel.<\/p>\n<p>Den \u00e4r orange till f\u00e4rgen och har en m\u00f6rk mitt.<\/p>\n<p>H\u00f6jd ca 100 cm. <\/p>\n<p>S\u00e4ljs i f\u00f6rpackningar om 1000 fr\u00f6n.<\/p>\n","protected":false},"excerpt":{"rendered":"<p>Solros Sunrich Orange \u00e4r en pollenfri, h\u00e4rdig, starkstammig och storblommig lekfull sort. Den \u00e4r l\u00e4mplig f\u00f6r b\u00e5de v\u00e4xthus- och frilandsproduktion. Sorten har en h\u00f6g motst\u00e5ndskraft mot bladm\u00f6gel. Den \u00e4r orange till f\u00e4rgen och har en m\u00f6rk mitt. H\u00f6jd ca 100 cm. S\u00e4ljs i f\u00f6rpackningar om 1000 fr\u00f6n.<\/p>\n","protected":false},"featured_media":8718,"template":"","meta":{"_improvement_type_select":"improve_an_existing","_thumb_yes_seoaic":false,"_frame_yes_seoaic":false,"seoaic_generate_description":"","seoaic_improve_instructions_prompt":"","seoaic_rollback_content_improvement":"","seoaic_idea_thumbnail_generator":"","thumbnail_generated":false,"thumbnail_generate_prompt":"","seoaic_article_description":""},"product_brand":[],"product_cat":[1485,1445],"product_tag":[1665,1487,1664,1497],"class_list":{"0":"post-8717","1":"product","2":"type-product","3":"status-publish","4":"has-post-thumbnail","6":"product_cat-blommor-och-prydnadsvaxter","7":"product_cat-fron-och-plantor","8":"product_tag-apelsin","9":"product_tag-pollenfri","10":"product_tag-solrik","11":"product_tag-solros","13":"first","14":"instock","15":"taxable","16":"shipping-taxable","17":"purchasable","18":"product-type-simple"},"_links":{"self":[{"href":"https:\/\/www.helle.fi\/sv\/wp-json\/wp\/v2\/product\/8717","targetHints":{"allow":["GET"]}}],"collection":[{"href":"https:\/\/www.helle.fi\/sv\/wp-json\/wp\/v2\/product"}],"about":[{"href":"https:\/\/www.helle.fi\/sv\/wp-json\/wp\/v2\/types\/product"}],"wp:featuredmedia":[{"embeddable":true,"href":"https:\/\/www.helle.fi\/sv\/wp-json\/wp\/v2\/media\/8718"}],"wp:attachment":[{"href":"https:\/\/www.helle.fi\/sv\/wp-json\/wp\/v2\/media?parent=8717"}],"wp:term":[{"taxonomy":"product_brand","embeddable":true,"href":"https:\/\/www.helle.fi\/sv\/wp-json\/wp\/v2\/product_brand?post=8717"},{"taxonomy":"product_cat","embeddable":true,"href":"https:\/\/www.helle.fi\/sv\/wp-json\/wp\/v2\/product_cat?post=8717"},{"taxonomy":"product_tag","embeddable":true,"href":"https:\/\/www.helle.fi\/sv\/wp-json\/wp\/v2\/product_tag?post=8717"}],"curies":[{"name":"wp","href":"https:\/\/api.w.org\/{rel}","templated":true}]}}