{"id":8715,"date":"2026-02-25T11:43:16","date_gmt":"2026-02-25T09:43:16","guid":{"rendered":"https:\/\/www.helle.fi\/tuote\/persilja-lejon-50-g\/"},"modified":"2026-02-25T11:43:16","modified_gmt":"2026-02-25T09:43:16","slug":"persilja-lejon-50-g","status":"publish","type":"product","link":"https:\/\/www.helle.fi\/sv\/tuote\/persilja-lejon-50-g\/","title":{"rendered":"Persilja Lejon 50 g"},"content":{"rendered":"<p>Parsley Lion \u00e4r en sl\u00e4tbladig, italiensk j\u00e4ttesort med god f\u00e4ltm\u00e4ssig tolerans.<\/p>\n<p>Den har ett balanserat och uppr\u00e4tt v\u00e4xts\u00e4tt.<\/p>\n<p>S\u00e4ljs i 50g-f\u00f6rpackningar.<\/p>\n","protected":false},"excerpt":{"rendered":"<p>Parsley Lion \u00e4r en sl\u00e4tbladig, italiensk j\u00e4ttesort med god f\u00e4ltm\u00e4ssig tolerans. Den har ett balanserat och uppr\u00e4tt v\u00e4xts\u00e4tt. S\u00e4ljs i 50g-f\u00f6rpackningar.<\/p>\n","protected":false},"featured_media":8716,"template":"","meta":{"_improvement_type_select":"improve_an_existing","_thumb_yes_seoaic":false,"_frame_yes_seoaic":false,"seoaic_generate_description":"","seoaic_improve_instructions_prompt":"","seoaic_rollback_content_improvement":"","seoaic_idea_thumbnail_generator":"","thumbnail_generated":false,"thumbnail_generate_prompt":"","seoaic_article_description":""},"product_brand":[1358],"product_cat":[1542,1445,1541],"product_tag":[1663,1582,1662],"class_list":{"0":"post-8715","1":"product","2":"type-product","3":"status-publish","4":"has-post-thumbnail","6":"product_brand-voltz","7":"product_cat-orter","8":"product_cat-fron-och-plantor","9":"product_cat-sallader-och-orter","10":"product_tag-lejon","11":"product_tag-persilja","12":"product_tag-slata-blad","14":"first","15":"instock","16":"taxable","17":"shipping-taxable","18":"purchasable","19":"product-type-simple"},"_links":{"self":[{"href":"https:\/\/www.helle.fi\/sv\/wp-json\/wp\/v2\/product\/8715","targetHints":{"allow":["GET"]}}],"collection":[{"href":"https:\/\/www.helle.fi\/sv\/wp-json\/wp\/v2\/product"}],"about":[{"href":"https:\/\/www.helle.fi\/sv\/wp-json\/wp\/v2\/types\/product"}],"wp:featuredmedia":[{"embeddable":true,"href":"https:\/\/www.helle.fi\/sv\/wp-json\/wp\/v2\/media\/8716"}],"wp:attachment":[{"href":"https:\/\/www.helle.fi\/sv\/wp-json\/wp\/v2\/media?parent=8715"}],"wp:term":[{"taxonomy":"product_brand","embeddable":true,"href":"https:\/\/www.helle.fi\/sv\/wp-json\/wp\/v2\/product_brand?post=8715"},{"taxonomy":"product_cat","embeddable":true,"href":"https:\/\/www.helle.fi\/sv\/wp-json\/wp\/v2\/product_cat?post=8715"},{"taxonomy":"product_tag","embeddable":true,"href":"https:\/\/www.helle.fi\/sv\/wp-json\/wp\/v2\/product_tag?post=8715"}],"curies":[{"name":"wp","href":"https:\/\/api.w.org\/{rel}","templated":true}]}}