{"id":8712,"date":"2026-02-26T18:21:03","date_gmt":"2026-02-26T16:21:03","guid":{"rendered":"https:\/\/www.helle.fi\/tuote\/rodbeta-pablo-50-000-s\/"},"modified":"2026-02-26T18:21:03","modified_gmt":"2026-02-26T16:21:03","slug":"rodbeta-pablo-50-000-s","status":"publish","type":"product","link":"https:\/\/www.helle.fi\/sv\/tuote\/rodbeta-pablo-50-000-s\/","title":{"rendered":"R\u00f6dbeta Pablo 50 000 s."},"content":{"rendered":"<p>Pablo \u00e4r den viktigaste sorten f\u00f6r industri- och produktmarknaderna. Mycket tolerant mot blomning. <\/p>\n<p>Pablo \u00e4r en sl\u00e4trotad sort med enhetlig inv\u00e4ndig f\u00e4rgning.<\/p>\n<p>Den har en liten klumpstorlek och Pablo \u00e4r l\u00e4mplig f\u00f6r l\u00e5ng lagring. Den \u00e4r ocks\u00e5 l\u00e4mplig f\u00f6r produktion av &#8221;minibetor&#8221; n\u00e4r den s\u00e5s t\u00e4tt. <\/p>\n<p>Uts\u00e4desbehovet \u00e4r cirka 600.000s.\/ha. Dess planteringsavst\u00e5nd \u00e4r 50 x 7 cm.<\/p>\n<p>Genom att variera avst\u00e5ndet mellan plantorna f\u00e5r man ovanliga r\u00f6dbetor. Den trivs i leriga sandiga jordar. <\/p>\n<p>S\u00e4ljs i f\u00f6rpackningar om 50.000 fr\u00f6n.<\/p>\n<p>Utan t\u00e4ckning.<\/p>\n","protected":false},"excerpt":{"rendered":"<p>Pablo \u00e4r den viktigaste sorten f\u00f6r industri- och produktmarknaderna. Mycket tolerant mot blomning. Pablo \u00e4r en sl\u00e4trotad sort med enhetlig inv\u00e4ndig f\u00e4rgning. Den har en liten klumpstorlek och Pablo \u00e4r l\u00e4mplig f\u00f6r l\u00e5ng lagring. Den \u00e4r ocks\u00e5 l\u00e4mplig f\u00f6r produktion av &#8221;minibetor&#8221; n\u00e4r den s\u00e5s t\u00e4tt. Uts\u00e4desbehovet \u00e4r cirka 600.000s.\/ha. Dess planteringsavst\u00e5nd \u00e4r 50 x [&hellip;]<\/p>\n","protected":false},"featured_media":8713,"template":"","meta":{"_improvement_type_select":"improve_an_existing","_thumb_yes_seoaic":false,"_frame_yes_seoaic":false,"seoaic_generate_description":"","seoaic_improve_instructions_prompt":"","seoaic_rollback_content_improvement":"","seoaic_idea_thumbnail_generator":"","thumbnail_generated":false,"thumbnail_generate_prompt":"","seoaic_article_description":""},"product_brand":[],"product_cat":[1502,1445],"product_tag":[1657,1654,1651,1655,1659],"class_list":{"0":"post-8712","1":"product","2":"type-product","3":"status-publish","4":"has-post-thumbnail","6":"product_cat-rodbeta-rodbeta-gulbeta","7":"product_cat-fron-och-plantor","8":"product_tag-lamplig-for-industrin","9":"product_tag-pablo","10":"product_tag-rodbeta","11":"product_tag-slat-rot","12":"product_tag-tolerant-mot-blomning","14":"first","15":"instock","16":"taxable","17":"shipping-taxable","18":"purchasable","19":"product-type-simple"},"_links":{"self":[{"href":"https:\/\/www.helle.fi\/sv\/wp-json\/wp\/v2\/product\/8712","targetHints":{"allow":["GET"]}}],"collection":[{"href":"https:\/\/www.helle.fi\/sv\/wp-json\/wp\/v2\/product"}],"about":[{"href":"https:\/\/www.helle.fi\/sv\/wp-json\/wp\/v2\/types\/product"}],"wp:featuredmedia":[{"embeddable":true,"href":"https:\/\/www.helle.fi\/sv\/wp-json\/wp\/v2\/media\/8713"}],"wp:attachment":[{"href":"https:\/\/www.helle.fi\/sv\/wp-json\/wp\/v2\/media?parent=8712"}],"wp:term":[{"taxonomy":"product_brand","embeddable":true,"href":"https:\/\/www.helle.fi\/sv\/wp-json\/wp\/v2\/product_brand?post=8712"},{"taxonomy":"product_cat","embeddable":true,"href":"https:\/\/www.helle.fi\/sv\/wp-json\/wp\/v2\/product_cat?post=8712"},{"taxonomy":"product_tag","embeddable":true,"href":"https:\/\/www.helle.fi\/sv\/wp-json\/wp\/v2\/product_tag?post=8712"}],"curies":[{"name":"wp","href":"https:\/\/api.w.org\/{rel}","templated":true}]}}