{"id":8711,"date":"2026-02-25T11:43:15","date_gmt":"2026-02-25T09:43:15","guid":{"rendered":"https:\/\/www.helle.fi\/tuote\/isbergssallad-capestar-1000-piller\/"},"modified":"2026-04-13T20:49:20","modified_gmt":"2026-04-13T17:49:20","slug":"isbergssallad-capestar-1000-piller","status":"publish","type":"product","link":"https:\/\/www.helle.fi\/sv\/tuote\/isbergssallad-capestar-1000-piller\/","title":{"rendered":"Isbergssallad Capestar 1000 piller."},"content":{"rendered":"<p>Isbergssallat Capestar \u00e4r l\u00e4mplig f\u00f6r odling \u00e5ret runt b\u00e5de i kruka och p\u00e5 friland.<\/p>\n<p>Sorten \u00e4r en uppr\u00e4ttv\u00e4xande, friskt gr\u00f6n Danstar-typ.<\/p>\n<p>S\u00e4ljs i f\u00f6rpackningar om 1000 piller.<\/p>\n","protected":false},"excerpt":{"rendered":"<p>Isbergssallat Capestar \u00e4r l\u00e4mplig f\u00f6r odling \u00e5ret runt b\u00e5de i kruka och p\u00e5 friland. Sorten \u00e4r en uppr\u00e4ttv\u00e4xande, friskt gr\u00f6n Danstar-typ. S\u00e4ljs i f\u00f6rpackningar om 1000 piller.<\/p>\n","protected":false},"featured_media":8714,"template":"","meta":{"_improvement_type_select":"improve_an_existing","_thumb_yes_seoaic":false,"_frame_yes_seoaic":false,"seoaic_generate_description":"","seoaic_improve_instructions_prompt":"","seoaic_rollback_content_improvement":"","seoaic_idea_thumbnail_generator":"","thumbnail_generated":false,"thumbnail_generate_prompt":"","seoaic_article_description":""},"product_brand":[],"product_cat":[1547,1445,1541],"product_tag":[1658,1661,1656,1660],"class_list":{"0":"post-8711","1":"product","2":"type-product","3":"status-publish","4":"has-post-thumbnail","6":"product_cat-sallader","7":"product_cat-fron-och-plantor","8":"product_cat-sallader-och-orter","9":"product_tag-capestar","10":"product_tag-frasch-gron","11":"product_tag-isbergssallad","12":"product_tag-vertikal","14":"first","15":"instock","16":"taxable","17":"shipping-taxable","18":"purchasable","19":"product-type-simple"},"_links":{"self":[{"href":"https:\/\/www.helle.fi\/sv\/wp-json\/wp\/v2\/product\/8711","targetHints":{"allow":["GET"]}}],"collection":[{"href":"https:\/\/www.helle.fi\/sv\/wp-json\/wp\/v2\/product"}],"about":[{"href":"https:\/\/www.helle.fi\/sv\/wp-json\/wp\/v2\/types\/product"}],"wp:featuredmedia":[{"embeddable":true,"href":"https:\/\/www.helle.fi\/sv\/wp-json\/wp\/v2\/media\/8714"}],"wp:attachment":[{"href":"https:\/\/www.helle.fi\/sv\/wp-json\/wp\/v2\/media?parent=8711"}],"wp:term":[{"taxonomy":"product_brand","embeddable":true,"href":"https:\/\/www.helle.fi\/sv\/wp-json\/wp\/v2\/product_brand?post=8711"},{"taxonomy":"product_cat","embeddable":true,"href":"https:\/\/www.helle.fi\/sv\/wp-json\/wp\/v2\/product_cat?post=8711"},{"taxonomy":"product_tag","embeddable":true,"href":"https:\/\/www.helle.fi\/sv\/wp-json\/wp\/v2\/product_tag?post=8711"}],"curies":[{"name":"wp","href":"https:\/\/api.w.org\/{rel}","templated":true}]}}