{"id":8695,"date":"2026-02-26T18:20:55","date_gmt":"2026-02-26T16:20:55","guid":{"rendered":"https:\/\/www.helle.fi\/tuote\/oppen-kran-servus-1000s\/"},"modified":"2026-02-26T18:20:55","modified_gmt":"2026-02-26T16:20:55","slug":"oppen-kran-servus-1000s","status":"publish","type":"product","link":"https:\/\/www.helle.fi\/sv\/tuote\/oppen-kran-servus-1000s\/","title":{"rendered":"\u00d6ppen kran Servus 1000s."},"content":{"rendered":"<p>Sorten Servus l\u00e4mpar sig b\u00e5de f\u00f6r f\u00e4rskvarumarknaden och f\u00f6r konservering.<\/p>\n<p>Det \u00e4r en mycket h\u00f6gavkastande och enhetlig sort med optimal fruktstorlek.<\/p>\n<p>L\u00e4mpar sig \u00e4ven f\u00f6r fermentering.<\/p>\n<p>S\u00e4ljs i f\u00f6rpackningar med 1000 fr\u00f6n.<\/p>\n","protected":false},"excerpt":{"rendered":"<p>Sorten Servus l\u00e4mpar sig b\u00e5de f\u00f6r f\u00e4rskvarumarknaden och f\u00f6r konservering. Det \u00e4r en mycket h\u00f6gavkastande och enhetlig sort med optimal fruktstorlek. L\u00e4mpar sig \u00e4ven f\u00f6r fermentering. S\u00e4ljs i f\u00f6rpackningar med 1000 fr\u00f6n.<\/p>\n","protected":false},"featured_media":8705,"template":"","meta":{"_improvement_type_select":"improve_an_existing","_thumb_yes_seoaic":false,"_frame_yes_seoaic":false,"seoaic_generate_description":"","seoaic_improve_instructions_prompt":"","seoaic_rollback_content_improvement":"","seoaic_idea_thumbnail_generator":"","thumbnail_generated":false,"thumbnail_generate_prompt":"","seoaic_article_description":""},"product_brand":[],"product_cat":[1447,1445,1446],"product_tag":[1647,1646,1448,1530,1525],"class_list":{"0":"post-8695","1":"product","2":"type-product","3":"status-publish","4":"has-post-thumbnail","6":"product_cat-oppna-gurka","7":"product_cat-fron-och-plantor","8":"product_cat-oppna-gronsaker","9":"product_tag-enhetlig-sort","10":"product_tag-hej","11":"product_tag-oppen-kran","12":"product_tag-oppna-gronsaker","13":"product_tag-satoisa","15":"first","16":"instock","17":"taxable","18":"shipping-taxable","19":"purchasable","20":"product-type-simple"},"_links":{"self":[{"href":"https:\/\/www.helle.fi\/sv\/wp-json\/wp\/v2\/product\/8695","targetHints":{"allow":["GET"]}}],"collection":[{"href":"https:\/\/www.helle.fi\/sv\/wp-json\/wp\/v2\/product"}],"about":[{"href":"https:\/\/www.helle.fi\/sv\/wp-json\/wp\/v2\/types\/product"}],"wp:featuredmedia":[{"embeddable":true,"href":"https:\/\/www.helle.fi\/sv\/wp-json\/wp\/v2\/media\/8705"}],"wp:attachment":[{"href":"https:\/\/www.helle.fi\/sv\/wp-json\/wp\/v2\/media?parent=8695"}],"wp:term":[{"taxonomy":"product_brand","embeddable":true,"href":"https:\/\/www.helle.fi\/sv\/wp-json\/wp\/v2\/product_brand?post=8695"},{"taxonomy":"product_cat","embeddable":true,"href":"https:\/\/www.helle.fi\/sv\/wp-json\/wp\/v2\/product_cat?post=8695"},{"taxonomy":"product_tag","embeddable":true,"href":"https:\/\/www.helle.fi\/sv\/wp-json\/wp\/v2\/product_tag?post=8695"}],"curies":[{"name":"wp","href":"https:\/\/api.w.org\/{rel}","templated":true}]}}