{"id":8686,"date":"2026-02-26T18:20:54","date_gmt":"2026-02-26T16:20:54","guid":{"rendered":"https:\/\/www.helle.fi\/tuote\/kal-ranini\/"},"modified":"2026-02-26T18:20:54","modified_gmt":"2026-02-26T16:20:54","slug":"kal-ranini","status":"publish","type":"product","link":"https:\/\/www.helle.fi\/sv\/tuote\/kal-ranini\/","title":{"rendered":"K\u00e5l Ranini"},"content":{"rendered":"<p>Ranini \u00e4r en tidig sort med runda och kraftiga stj\u00e4lkar. Ranini \u00e4r inte k\u00e4nslig f\u00f6r sprickbildning. Den l\u00e4mpar sig s\u00e4rskilt v\u00e4l f\u00f6r tidig ympning.  <\/p>\n<p>En f\u00f6rv\u00e4xtperiod p\u00e5 4-5 veckor rekommenderas f\u00f6r produktion av k\u00e5lplantor.<\/p>\n<p>K\u00e5lens groningstemperatur b\u00f6r vara 18-22 grader Celsius. Efter groning b\u00f6r odlingstemperaturen s\u00e4nkas till 16-18 grader. <\/p>\n<p>Uts\u00e4desbehovet f\u00f6r de tidiga sorterna \u00e4r cirka 60.000 fr\u00f6n\/ha.<\/p>\n<p>S\u00e4ljs i f\u00f6rpackningar om 1000 fr\u00f6n.<\/p>\n","protected":false},"excerpt":{"rendered":"<p>Ranini \u00e4r en tidig sort med runda och kraftiga stj\u00e4lkar. Ranini \u00e4r inte k\u00e4nslig f\u00f6r sprickbildning. Den l\u00e4mpar sig s\u00e4rskilt v\u00e4l f\u00f6r tidig ympning. En f\u00f6rv\u00e4xtperiod p\u00e5 4-5 veckor rekommenderas f\u00f6r produktion av k\u00e5lplantor. K\u00e5lens groningstemperatur b\u00f6r vara 18-22 grader Celsius. Efter groning b\u00f6r odlingstemperaturen s\u00e4nkas till 16-18 grader. Uts\u00e4desbehovet f\u00f6r de tidiga sorterna \u00e4r [&hellip;]<\/p>\n","protected":false},"featured_media":8687,"template":"","meta":{"_improvement_type_select":"improve_an_existing","_thumb_yes_seoaic":false,"_frame_yes_seoaic":false,"seoaic_generate_description":"","seoaic_improve_instructions_prompt":"","seoaic_rollback_content_improvement":"","seoaic_idea_thumbnail_generator":"","thumbnail_generated":false,"thumbnail_generate_prompt":"","seoaic_article_description":""},"product_brand":[1382],"product_cat":[1462,1445,1446],"product_tag":[1534,1641,1638,1639,1460,1640],"class_list":{"0":"post-8686","1":"product","2":"type-product","3":"status-publish","4":"has-post-thumbnail","6":"product_brand-bejo-zaden","7":"product_cat-kal","8":"product_cat-fron-och-plantor","9":"product_cat-oppna-gronsaker","10":"product_tag-kal","11":"product_tag-odling-av-tamarind","12":"product_tag-ranini","13":"product_tag-tidig-sort-2","14":"product_tag-tidigt","15":"product_tag-tryck","17":"first","18":"outofstock","19":"taxable","20":"shipping-taxable","21":"purchasable","22":"product-type-simple"},"_links":{"self":[{"href":"https:\/\/www.helle.fi\/sv\/wp-json\/wp\/v2\/product\/8686","targetHints":{"allow":["GET"]}}],"collection":[{"href":"https:\/\/www.helle.fi\/sv\/wp-json\/wp\/v2\/product"}],"about":[{"href":"https:\/\/www.helle.fi\/sv\/wp-json\/wp\/v2\/types\/product"}],"wp:featuredmedia":[{"embeddable":true,"href":"https:\/\/www.helle.fi\/sv\/wp-json\/wp\/v2\/media\/8687"}],"wp:attachment":[{"href":"https:\/\/www.helle.fi\/sv\/wp-json\/wp\/v2\/media?parent=8686"}],"wp:term":[{"taxonomy":"product_brand","embeddable":true,"href":"https:\/\/www.helle.fi\/sv\/wp-json\/wp\/v2\/product_brand?post=8686"},{"taxonomy":"product_cat","embeddable":true,"href":"https:\/\/www.helle.fi\/sv\/wp-json\/wp\/v2\/product_cat?post=8686"},{"taxonomy":"product_tag","embeddable":true,"href":"https:\/\/www.helle.fi\/sv\/wp-json\/wp\/v2\/product_tag?post=8686"}],"curies":[{"name":"wp","href":"https:\/\/api.w.org\/{rel}","templated":true}]}}