{"id":8684,"date":"2026-02-25T11:42:45","date_gmt":"2026-02-25T09:42:45","guid":{"rendered":"https:\/\/www.helle.fi\/tuote\/basilika-genoveser-5-g\/"},"modified":"2026-02-25T11:42:45","modified_gmt":"2026-02-25T09:42:45","slug":"basilika-genoveser-5-g","status":"publish","type":"product","link":"https:\/\/www.helle.fi\/sv\/tuote\/basilika-genoveser-5-g\/","title":{"rendered":"Basilika genoveser 5 g"},"content":{"rendered":"<p>Basilika \u00e4r en av de mest k\u00e4nda och popul\u00e4ra \u00f6rterna!<\/p>\n<p>Basilika Genoveser \u00e4r en ett\u00e5rig och snabbv\u00e4xande sort.<\/p>\n<p>S\u00e4ljs i 5 g-f\u00f6rpackningar.<\/p>\n","protected":false},"excerpt":{"rendered":"<p>Basilika \u00e4r en av de mest k\u00e4nda och popul\u00e4ra \u00f6rterna! Basilika Genoveser \u00e4r en ett\u00e5rig och snabbv\u00e4xande sort. S\u00e4ljs i 5 g-f\u00f6rpackningar.<\/p>\n","protected":false},"featured_media":8685,"template":"","meta":{"_improvement_type_select":"improve_an_existing","_thumb_yes_seoaic":false,"_frame_yes_seoaic":false,"seoaic_generate_description":"","seoaic_improve_instructions_prompt":"","seoaic_rollback_content_improvement":"","seoaic_idea_thumbnail_generator":"","thumbnail_generated":false,"thumbnail_generate_prompt":"","seoaic_article_description":""},"product_brand":[],"product_cat":[1542,1445,1541],"product_tag":[1634,1637,1636,1635],"class_list":{"0":"post-8684","1":"product","2":"type-product","3":"status-publish","4":"has-post-thumbnail","6":"product_cat-orter","7":"product_cat-fron-och-plantor","8":"product_cat-sallader-och-orter","9":"product_tag-basilikan","10":"product_tag-en-valkand-ort","11":"product_tag-ett-ar","12":"product_tag-genoveser","14":"first","15":"instock","16":"taxable","17":"shipping-taxable","18":"purchasable","19":"product-type-simple"},"_links":{"self":[{"href":"https:\/\/www.helle.fi\/sv\/wp-json\/wp\/v2\/product\/8684","targetHints":{"allow":["GET"]}}],"collection":[{"href":"https:\/\/www.helle.fi\/sv\/wp-json\/wp\/v2\/product"}],"about":[{"href":"https:\/\/www.helle.fi\/sv\/wp-json\/wp\/v2\/types\/product"}],"wp:featuredmedia":[{"embeddable":true,"href":"https:\/\/www.helle.fi\/sv\/wp-json\/wp\/v2\/media\/8685"}],"wp:attachment":[{"href":"https:\/\/www.helle.fi\/sv\/wp-json\/wp\/v2\/media?parent=8684"}],"wp:term":[{"taxonomy":"product_brand","embeddable":true,"href":"https:\/\/www.helle.fi\/sv\/wp-json\/wp\/v2\/product_brand?post=8684"},{"taxonomy":"product_cat","embeddable":true,"href":"https:\/\/www.helle.fi\/sv\/wp-json\/wp\/v2\/product_cat?post=8684"},{"taxonomy":"product_tag","embeddable":true,"href":"https:\/\/www.helle.fi\/sv\/wp-json\/wp\/v2\/product_tag?post=8684"}],"curies":[{"name":"wp","href":"https:\/\/api.w.org\/{rel}","templated":true}]}}