{"id":8682,"date":"2026-02-25T11:43:48","date_gmt":"2026-02-25T09:43:48","guid":{"rendered":"https:\/\/www.helle.fi\/tuote\/dill-abo-100-g\/"},"modified":"2026-02-25T11:43:48","modified_gmt":"2026-02-25T09:43:48","slug":"dill-abo-100-g","status":"publish","type":"product","link":"https:\/\/www.helle.fi\/sv\/tuote\/dill-abo-100-g\/","title":{"rendered":"Dill \u00c5bo 100 g"},"content":{"rendered":"<p>Dill Turku \u00e4r en m\u00f6rkgr\u00f6n, h\u00f6gbladig sort som \u00e4r s\u00e4rskilt l\u00e4mpad f\u00f6r v\u00e4xthusodling.<\/p>\n<p>Sorten har ett t\u00e4tt uppr\u00e4tt v\u00e4xts\u00e4tt, f\u00f6rgreningar underifr\u00e5n och starka, flexibla blad.<\/p>\n<p>L\u00e4mplig f\u00f6r dillproduktion i kruka \u00e5ret runt.<\/p>\n<p>S\u00e4ljs i 100 g-f\u00f6rpackningar.<\/p>\n","protected":false},"excerpt":{"rendered":"<p>Dill Turku \u00e4r en m\u00f6rkgr\u00f6n, h\u00f6gbladig sort som \u00e4r s\u00e4rskilt l\u00e4mpad f\u00f6r v\u00e4xthusodling. Sorten har ett t\u00e4tt uppr\u00e4tt v\u00e4xts\u00e4tt, f\u00f6rgreningar underifr\u00e5n och starka, flexibla blad. L\u00e4mplig f\u00f6r dillproduktion i kruka \u00e5ret runt. S\u00e4ljs i 100 g-f\u00f6rpackningar.<\/p>\n","protected":false},"featured_media":8683,"template":"","meta":{"_improvement_type_select":"improve_an_existing","_thumb_yes_seoaic":false,"_frame_yes_seoaic":false,"seoaic_generate_description":"","seoaic_improve_instructions_prompt":"","seoaic_rollback_content_improvement":"","seoaic_idea_thumbnail_generator":"","thumbnail_generated":false,"thumbnail_generate_prompt":"","seoaic_article_description":""},"product_brand":[1357],"product_cat":[1542,1445,1541],"product_tag":[1633,1632,1535,1628],"class_list":{"0":"post-8682","1":"product","2":"type-product","3":"status-publish","4":"has-post-thumbnail","6":"product_brand-elsoms-seeds","7":"product_cat-orter","8":"product_cat-fron-och-plantor","9":"product_cat-sallader-och-orter","10":"product_tag-abo","11":"product_tag-dill","12":"product_tag-morkgron","13":"product_tag-rik-pa-bladmassa","15":"first","16":"instock","17":"taxable","18":"shipping-taxable","19":"purchasable","20":"product-type-simple"},"_links":{"self":[{"href":"https:\/\/www.helle.fi\/sv\/wp-json\/wp\/v2\/product\/8682","targetHints":{"allow":["GET"]}}],"collection":[{"href":"https:\/\/www.helle.fi\/sv\/wp-json\/wp\/v2\/product"}],"about":[{"href":"https:\/\/www.helle.fi\/sv\/wp-json\/wp\/v2\/types\/product"}],"wp:featuredmedia":[{"embeddable":true,"href":"https:\/\/www.helle.fi\/sv\/wp-json\/wp\/v2\/media\/8683"}],"wp:attachment":[{"href":"https:\/\/www.helle.fi\/sv\/wp-json\/wp\/v2\/media?parent=8682"}],"wp:term":[{"taxonomy":"product_brand","embeddable":true,"href":"https:\/\/www.helle.fi\/sv\/wp-json\/wp\/v2\/product_brand?post=8682"},{"taxonomy":"product_cat","embeddable":true,"href":"https:\/\/www.helle.fi\/sv\/wp-json\/wp\/v2\/product_cat?post=8682"},{"taxonomy":"product_tag","embeddable":true,"href":"https:\/\/www.helle.fi\/sv\/wp-json\/wp\/v2\/product_tag?post=8682"}],"curies":[{"name":"wp","href":"https:\/\/api.w.org\/{rel}","templated":true}]}}