{"id":8676,"date":"2026-02-25T11:42:34","date_gmt":"2026-02-25T09:42:34","guid":{"rendered":"https:\/\/www.helle.fi\/tuote\/romaine-sallad-jagger-1000-piller\/"},"modified":"2026-02-25T11:42:34","modified_gmt":"2026-02-25T09:42:34","slug":"romaine-sallad-jagger-1000-piller","status":"publish","type":"product","link":"https:\/\/www.helle.fi\/sv\/tuote\/romaine-sallad-jagger-1000-piller\/","title":{"rendered":"Romaine sallad Jagger 1000 piller."},"content":{"rendered":"<p>Romaine sallad Jagger \u00e4r en ny typ av Roma!<\/p>\n<p>Det \u00e4r en m\u00e5ngsidig, frisk, ljusgr\u00f6n sort som producerar bladverk snabbt.<\/p>\n<p>N\u00e4r den odlas t\u00e4tt bildar den en uppr\u00e4tt, n\u00e5got \u00f6ppen klump.<\/p>\n<p>Tjocka bladstj\u00e4lkar och h\u00e5llbara, smakrika blad ger textur till exempelvis sallader eller wokr\u00e4tter. <\/p>\n<p>Ingen k\u00e4nslighet f\u00f6r blomning.<\/p>\n<p>S\u00e4ljs i f\u00f6rpackningar om 1000 tabletter.<\/p>\n","protected":false},"excerpt":{"rendered":"<p>Romaine sallad Jagger \u00e4r en ny typ av Roma! Det \u00e4r en m\u00e5ngsidig, frisk, ljusgr\u00f6n sort som producerar bladverk snabbt. N\u00e4r den odlas t\u00e4tt bildar den en uppr\u00e4tt, n\u00e5got \u00f6ppen klump. Tjocka bladstj\u00e4lkar och h\u00e5llbara, smakrika blad ger textur till exempelvis sallader eller wokr\u00e4tter. Ingen k\u00e4nslighet f\u00f6r blomning. S\u00e4ljs i f\u00f6rpackningar om 1000 tabletter.<\/p>\n","protected":false},"featured_media":8677,"template":"","meta":{"_improvement_type_select":"improve_an_existing","_thumb_yes_seoaic":false,"_frame_yes_seoaic":false,"seoaic_generate_description":"","seoaic_improve_instructions_prompt":"","seoaic_rollback_content_improvement":"","seoaic_idea_thumbnail_generator":"","thumbnail_generated":false,"thumbnail_generate_prompt":"","seoaic_article_description":""},"product_brand":[1342],"product_cat":[1547,1445,1541],"product_tag":[1627,1629,1628,1548],"class_list":{"0":"post-8676","1":"product","2":"type-product","3":"status-publish","4":"has-post-thumbnail","6":"product_brand-basf-nunhems","7":"product_cat-sallader","8":"product_cat-fron-och-plantor","9":"product_cat-sallader-och-orter","10":"product_tag-jagger","11":"product_tag-ljusgron","12":"product_tag-rik-pa-bladmassa","13":"product_tag-romansallad","15":"first","16":"instock","17":"taxable","18":"shipping-taxable","19":"purchasable","20":"product-type-simple"},"_links":{"self":[{"href":"https:\/\/www.helle.fi\/sv\/wp-json\/wp\/v2\/product\/8676","targetHints":{"allow":["GET"]}}],"collection":[{"href":"https:\/\/www.helle.fi\/sv\/wp-json\/wp\/v2\/product"}],"about":[{"href":"https:\/\/www.helle.fi\/sv\/wp-json\/wp\/v2\/types\/product"}],"wp:featuredmedia":[{"embeddable":true,"href":"https:\/\/www.helle.fi\/sv\/wp-json\/wp\/v2\/media\/8677"}],"wp:attachment":[{"href":"https:\/\/www.helle.fi\/sv\/wp-json\/wp\/v2\/media?parent=8676"}],"wp:term":[{"taxonomy":"product_brand","embeddable":true,"href":"https:\/\/www.helle.fi\/sv\/wp-json\/wp\/v2\/product_brand?post=8676"},{"taxonomy":"product_cat","embeddable":true,"href":"https:\/\/www.helle.fi\/sv\/wp-json\/wp\/v2\/product_cat?post=8676"},{"taxonomy":"product_tag","embeddable":true,"href":"https:\/\/www.helle.fi\/sv\/wp-json\/wp\/v2\/product_tag?post=8676"}],"curies":[{"name":"wp","href":"https:\/\/api.w.org\/{rel}","templated":true}]}}