{"id":8672,"date":"2026-02-25T11:42:34","date_gmt":"2026-02-25T09:42:34","guid":{"rendered":"https:\/\/www.helle.fi\/tuote\/flerbladig-sallad-multiblond-110-1000-piller\/"},"modified":"2026-02-25T11:42:34","modified_gmt":"2026-02-25T09:42:34","slug":"flerbladig-sallad-multiblond-110-1000-piller","status":"publish","type":"product","link":"https:\/\/www.helle.fi\/sv\/tuote\/flerbladig-sallad-multiblond-110-1000-piller\/","title":{"rendered":"Flerbladig sallad Multiblond 110 1000 piller."},"content":{"rendered":"<p>Flerbladig sallat Multiblond 110 \u00e4r en ljusgr\u00f6nbladig sort.<\/p>\n<p>Bladen \u00e4r krispiga.<\/p>\n<p>Sorten blommar inte l\u00e4tt och l\u00e4mpar sig \u00e4ven f\u00f6r sommarodling.<\/p>\n<p>Sorten har god motst\u00e5ndskraft mot bladkantr\u00f6ta.<\/p>\n<p>S\u00e4ljs i f\u00f6rpackningar om 1000 piller.<\/p>\n","protected":false},"excerpt":{"rendered":"<p>Flerbladig sallat Multiblond 110 \u00e4r en ljusgr\u00f6nbladig sort. Bladen \u00e4r krispiga. Sorten blommar inte l\u00e4tt och l\u00e4mpar sig \u00e4ven f\u00f6r sommarodling. Sorten har god motst\u00e5ndskraft mot bladkantr\u00f6ta. S\u00e4ljs i f\u00f6rpackningar om 1000 piller.<\/p>\n","protected":false},"featured_media":8673,"template":"","meta":{"_improvement_type_select":"improve_an_existing","_thumb_yes_seoaic":false,"_frame_yes_seoaic":false,"seoaic_generate_description":"","seoaic_improve_instructions_prompt":"","seoaic_rollback_content_improvement":"","seoaic_idea_thumbnail_generator":"","thumbnail_generated":false,"thumbnail_generate_prompt":"","seoaic_article_description":""},"product_brand":[1342],"product_cat":[1547,1445,1541],"product_tag":[1557,1624,1556,1623],"class_list":{"0":"post-8672","1":"product","2":"type-product","3":"status-publish","4":"has-post-thumbnail","6":"product_brand-basf-nunhems","7":"product_cat-sallader","8":"product_cat-fron-och-plantor","9":"product_cat-sallader-och-orter","10":"product_tag-flerbladig","11":"product_tag-multi-blond-110","12":"product_tag-sallad","13":"product_tag-valdtakt","15":"first","16":"instock","17":"taxable","18":"shipping-taxable","19":"purchasable","20":"product-type-simple"},"_links":{"self":[{"href":"https:\/\/www.helle.fi\/sv\/wp-json\/wp\/v2\/product\/8672","targetHints":{"allow":["GET"]}}],"collection":[{"href":"https:\/\/www.helle.fi\/sv\/wp-json\/wp\/v2\/product"}],"about":[{"href":"https:\/\/www.helle.fi\/sv\/wp-json\/wp\/v2\/types\/product"}],"wp:featuredmedia":[{"embeddable":true,"href":"https:\/\/www.helle.fi\/sv\/wp-json\/wp\/v2\/media\/8673"}],"wp:attachment":[{"href":"https:\/\/www.helle.fi\/sv\/wp-json\/wp\/v2\/media?parent=8672"}],"wp:term":[{"taxonomy":"product_brand","embeddable":true,"href":"https:\/\/www.helle.fi\/sv\/wp-json\/wp\/v2\/product_brand?post=8672"},{"taxonomy":"product_cat","embeddable":true,"href":"https:\/\/www.helle.fi\/sv\/wp-json\/wp\/v2\/product_cat?post=8672"},{"taxonomy":"product_tag","embeddable":true,"href":"https:\/\/www.helle.fi\/sv\/wp-json\/wp\/v2\/product_tag?post=8672"}],"curies":[{"name":"wp","href":"https:\/\/api.w.org\/{rel}","templated":true}]}}