{"id":8668,"date":"2026-02-18T14:21:37","date_gmt":"2026-02-18T12:21:37","guid":{"rendered":"https:\/\/www.helle.fi\/tuote\/en-blandning-av-krasse\/"},"modified":"2026-02-18T14:21:37","modified_gmt":"2026-02-18T12:21:37","slug":"en-blandning-av-krasse","status":"publish","type":"product","link":"https:\/\/www.helle.fi\/sv\/tuote\/en-blandning-av-krasse\/","title":{"rendered":"En blandning av krasse"},"content":{"rendered":"<p>Kl\u00e4tterkrasse Tropaeolum majus \u00e4r en kl\u00e4tterkrasse som v\u00e4xer till en h\u00f6jd av ca 2-3m. <\/p>\n<p>L\u00e4mpar sig ocks\u00e5 f\u00f6r h\u00e4ngande korgar.<\/p>\n<p>S\u00e4ljs i f\u00f6rpackningar om 50 g.<\/p>\n<p>&nbsp;<\/p>\n","protected":false},"excerpt":{"rendered":"<p>Kl\u00e4tterkrasse Tropaeolum majus \u00e4r en kl\u00e4tterkrasse som v\u00e4xer till en h\u00f6jd av ca 2-3m. L\u00e4mpar sig ocks\u00e5 f\u00f6r h\u00e4ngande korgar. S\u00e4ljs i f\u00f6rpackningar om 50 g. &nbsp;<\/p>\n","protected":false},"featured_media":8671,"template":"","meta":{"_improvement_type_select":"improve_an_existing","_thumb_yes_seoaic":false,"_frame_yes_seoaic":false,"seoaic_generate_description":"","seoaic_improve_instructions_prompt":"","seoaic_rollback_content_improvement":"","seoaic_idea_thumbnail_generator":"","thumbnail_generated":false,"thumbnail_generate_prompt":"","seoaic_article_description":""},"product_brand":[],"product_cat":[1485,1445],"product_tag":[1605,1621,1622,1620],"class_list":{"0":"post-8668","1":"product","2":"type-product","3":"status-publish","4":"has-post-thumbnail","6":"product_cat-blommor-och-prydnadsvaxter","7":"product_cat-fron-och-plantor","8":"product_tag-dekorativ-krasse","9":"product_tag-klattrande-krasse","10":"product_tag-klattring","11":"product_tag-tropaeolum-majus","13":"first","14":"instock","15":"taxable","16":"shipping-taxable","17":"purchasable","18":"product-type-simple"},"_links":{"self":[{"href":"https:\/\/www.helle.fi\/sv\/wp-json\/wp\/v2\/product\/8668","targetHints":{"allow":["GET"]}}],"collection":[{"href":"https:\/\/www.helle.fi\/sv\/wp-json\/wp\/v2\/product"}],"about":[{"href":"https:\/\/www.helle.fi\/sv\/wp-json\/wp\/v2\/types\/product"}],"wp:featuredmedia":[{"embeddable":true,"href":"https:\/\/www.helle.fi\/sv\/wp-json\/wp\/v2\/media\/8671"}],"wp:attachment":[{"href":"https:\/\/www.helle.fi\/sv\/wp-json\/wp\/v2\/media?parent=8668"}],"wp:term":[{"taxonomy":"product_brand","embeddable":true,"href":"https:\/\/www.helle.fi\/sv\/wp-json\/wp\/v2\/product_brand?post=8668"},{"taxonomy":"product_cat","embeddable":true,"href":"https:\/\/www.helle.fi\/sv\/wp-json\/wp\/v2\/product_cat?post=8668"},{"taxonomy":"product_tag","embeddable":true,"href":"https:\/\/www.helle.fi\/sv\/wp-json\/wp\/v2\/product_tag?post=8668"}],"curies":[{"name":"wp","href":"https:\/\/api.w.org\/{rel}","templated":true}]}}