{"id":8667,"date":"2026-02-25T10:45:01","date_gmt":"2026-02-25T08:45:01","guid":{"rendered":"https:\/\/www.helle.fi\/tuote\/graslok-50-g\/"},"modified":"2026-02-25T10:45:01","modified_gmt":"2026-02-25T08:45:01","slug":"graslok-50-g","status":"publish","type":"product","link":"https:\/\/www.helle.fi\/sv\/tuote\/graslok-50-g\/","title":{"rendered":"Gr\u00e4sl\u00f6k 50 g"},"content":{"rendered":"<p>Gr\u00e4sl\u00f6k \u00e4r en fler\u00e5rig \u00f6rtartad gr\u00f6da i l\u00f6kfamiljen.<\/p>\n<p>Sorten \u00e4r idealisk f\u00f6r odling av plantor, utomhus och i v\u00e4xthus.<\/p>\n<p>S\u00e4ljs i f\u00f6rpackningar om 50 g.<\/p>\n","protected":false},"excerpt":{"rendered":"<p>Gr\u00e4sl\u00f6k \u00e4r en fler\u00e5rig \u00f6rtartad gr\u00f6da i l\u00f6kfamiljen. Sorten \u00e4r idealisk f\u00f6r odling av plantor, utomhus och i v\u00e4xthus. S\u00e4ljs i f\u00f6rpackningar om 50 g.<\/p>\n","protected":false},"featured_media":8669,"template":"","meta":{"_improvement_type_select":"improve_an_existing","_thumb_yes_seoaic":false,"_frame_yes_seoaic":false,"seoaic_generate_description":"","seoaic_improve_instructions_prompt":"","seoaic_rollback_content_improvement":"","seoaic_idea_thumbnail_generator":"","thumbnail_generated":false,"thumbnail_generate_prompt":"","seoaic_article_description":""},"product_brand":[],"product_cat":[1542,1445,1541],"product_tag":[1589,1617,1619,1618],"class_list":{"0":"post-8667","1":"product","2":"type-product","3":"status-publish","4":"has-post-thumbnail","6":"product_cat-orter","7":"product_cat-fron-och-plantor","8":"product_cat-sallader-och-orter","9":"product_tag-flerarig","10":"product_tag-graslok","11":"product_tag-kryddvaxt","12":"product_tag-relaterade-till-lok","14":"first","15":"instock","16":"taxable","17":"shipping-taxable","18":"purchasable","19":"product-type-simple"},"_links":{"self":[{"href":"https:\/\/www.helle.fi\/sv\/wp-json\/wp\/v2\/product\/8667","targetHints":{"allow":["GET"]}}],"collection":[{"href":"https:\/\/www.helle.fi\/sv\/wp-json\/wp\/v2\/product"}],"about":[{"href":"https:\/\/www.helle.fi\/sv\/wp-json\/wp\/v2\/types\/product"}],"wp:featuredmedia":[{"embeddable":true,"href":"https:\/\/www.helle.fi\/sv\/wp-json\/wp\/v2\/media\/8669"}],"wp:attachment":[{"href":"https:\/\/www.helle.fi\/sv\/wp-json\/wp\/v2\/media?parent=8667"}],"wp:term":[{"taxonomy":"product_brand","embeddable":true,"href":"https:\/\/www.helle.fi\/sv\/wp-json\/wp\/v2\/product_brand?post=8667"},{"taxonomy":"product_cat","embeddable":true,"href":"https:\/\/www.helle.fi\/sv\/wp-json\/wp\/v2\/product_cat?post=8667"},{"taxonomy":"product_tag","embeddable":true,"href":"https:\/\/www.helle.fi\/sv\/wp-json\/wp\/v2\/product_tag?post=8667"}],"curies":[{"name":"wp","href":"https:\/\/api.w.org\/{rel}","templated":true}]}}