{"id":8663,"date":"2026-02-25T10:44:52","date_gmt":"2026-02-25T08:44:52","guid":{"rendered":"https:\/\/www.helle.fi\/tuote\/timjan-5-g\/"},"modified":"2026-02-25T10:44:52","modified_gmt":"2026-02-25T08:44:52","slug":"timjan-5-g","status":"publish","type":"product","link":"https:\/\/www.helle.fi\/sv\/tuote\/timjan-5-g\/","title":{"rendered":"Timjan 5 g"},"content":{"rendered":"<p>Timjan \u00e4r en popul\u00e4r universalsmaks\u00e4ttare f\u00f6r m\u00e5nga r\u00e4tter, som anv\u00e4nds f\u00e4rsk eller torkad.<\/p>\n<p>Sorten har ett dekorativt, jordn\u00e4ra v\u00e4xts\u00e4tt och blommar med sm\u00e5 lila-bl\u00e5 blommor.<\/p>\n<p>Sorten \u00e4r fler\u00e5rig.<\/p>\n<p>S\u00e4ljs i 5 g-f\u00f6rpackningar.<\/p>\n<p>&nbsp;<\/p>\n","protected":false},"excerpt":{"rendered":"<p>Timjan \u00e4r en popul\u00e4r universalsmaks\u00e4ttare f\u00f6r m\u00e5nga r\u00e4tter, som anv\u00e4nds f\u00e4rsk eller torkad. Sorten har ett dekorativt, jordn\u00e4ra v\u00e4xts\u00e4tt och blommar med sm\u00e5 lila-bl\u00e5 blommor. Sorten \u00e4r fler\u00e5rig. S\u00e4ljs i 5 g-f\u00f6rpackningar. &nbsp;<\/p>\n","protected":false},"featured_media":8665,"template":"","meta":{"_improvement_type_select":"improve_an_existing","_thumb_yes_seoaic":false,"_frame_yes_seoaic":false,"seoaic_generate_description":"","seoaic_improve_instructions_prompt":"","seoaic_rollback_content_improvement":"","seoaic_idea_thumbnail_generator":"","thumbnail_generated":false,"thumbnail_generate_prompt":"","seoaic_article_description":""},"product_brand":[],"product_cat":[1542,1445,1541],"product_tag":[1612,1610,1589,1611],"class_list":{"0":"post-8663","1":"product","2":"type-product","3":"status-publish","4":"has-post-thumbnail","6":"product_cat-orter","7":"product_cat-fron-och-plantor","8":"product_cat-sallader-och-orter","9":"product_tag-ajuruoho","10":"product_tag-dekorativ","11":"product_tag-flerarig","12":"product_tag-thymjami","14":"first","15":"instock","16":"taxable","17":"shipping-taxable","18":"purchasable","19":"product-type-simple"},"_links":{"self":[{"href":"https:\/\/www.helle.fi\/sv\/wp-json\/wp\/v2\/product\/8663","targetHints":{"allow":["GET"]}}],"collection":[{"href":"https:\/\/www.helle.fi\/sv\/wp-json\/wp\/v2\/product"}],"about":[{"href":"https:\/\/www.helle.fi\/sv\/wp-json\/wp\/v2\/types\/product"}],"wp:featuredmedia":[{"embeddable":true,"href":"https:\/\/www.helle.fi\/sv\/wp-json\/wp\/v2\/media\/8665"}],"wp:attachment":[{"href":"https:\/\/www.helle.fi\/sv\/wp-json\/wp\/v2\/media?parent=8663"}],"wp:term":[{"taxonomy":"product_brand","embeddable":true,"href":"https:\/\/www.helle.fi\/sv\/wp-json\/wp\/v2\/product_brand?post=8663"},{"taxonomy":"product_cat","embeddable":true,"href":"https:\/\/www.helle.fi\/sv\/wp-json\/wp\/v2\/product_cat?post=8663"},{"taxonomy":"product_tag","embeddable":true,"href":"https:\/\/www.helle.fi\/sv\/wp-json\/wp\/v2\/product_tag?post=8663"}],"curies":[{"name":"wp","href":"https:\/\/api.w.org\/{rel}","templated":true}]}}